{"id":4744,"date":"2026-01-30T19:41:10","date_gmt":"2026-01-30T19:41:10","guid":{"rendered":"https:\/\/farmaciadosul.com\/product\/no-xplode-fruit-p\/"},"modified":"2026-02-28T13:00:14","modified_gmt":"2026-02-28T13:00:14","slug":"no-xplode-fruit-p","status":"publish","type":"product","link":"https:\/\/farmaciadosul.com\/pt-br\/produto\/no-xplode-fruit-p\/","title":{"rendered":"NO XPLODE FRUIT P"},"content":{"rendered":"<div data-content-type=\"row\" data-appearance=\"contained\" data-element=\"main\">\n<div data-enable-parallax=\"0\" data-parallax-speed=\"0.5\" data-background-images=\"{}\" data-background-type=\"image\" data-video-loop=\"true\" data-video-play-only-visible=\"true\" data-video-lazy-load=\"true\" data-video-fallback-src=\"\" data-element=\"inner\" data-pb-style=\"6248F68FB76DE\">\n<div data-content-type=\"text\" data-appearance=\"default\" data-element=\"main\" data-pb-style=\"6248F68FB76F4\">Para lograr la sesi\u00f3n de entrenamiento m\u00e1s efectiva, tanto la energ\u00eda mental como la f\u00edsica son imprescindibles.\u00a0Entonces se necesita concentrarse para aprovechar esta energ\u00eda y generar una fuerte conexi\u00f3n mente-m\u00fasculo.\u00a0Esta conexi\u00f3n mente-m\u00fasculo lo ayudar\u00e1 a lograr un mejor entrenamiento y ayudar\u00e1 a que su cuerpo supere los l\u00edmites anteriores.\u00a0En BSN, sabemos que un suplemento previo al entrenamiento deber\u00eda respaldar todos estos beneficios.<\/div>\n<\/div>\n<\/div>\n","protected":false},"excerpt":{"rendered":"<p>Para lograr la sesi\u00f3n de entrenamiento m\u00e1s efectiva, tanto la energ\u00eda mental como la f\u00edsica son imprescindibles.\u00a0Entonces se necesita concentrarse<\/p>\n","protected":false},"featured_media":6624,"template":"","meta":[],"product_brand":[139],"product_cat":[148],"product_tag":[],"class_list":{"0":"post-4744","1":"product","2":"type-product","3":"status-publish","4":"has-post-thumbnail","6":"product_brand-bsn","7":"product_cat-suplementos","9":"first","10":"instock","11":"shipping-taxable","12":"purchasable","13":"product-type-simple"},"_links":{"self":[{"href":"https:\/\/farmaciadosul.com\/pt-br\/wp-json\/wp\/v2\/product\/4744","targetHints":{"allow":["GET"]}}],"collection":[{"href":"https:\/\/farmaciadosul.com\/pt-br\/wp-json\/wp\/v2\/product"}],"about":[{"href":"https:\/\/farmaciadosul.com\/pt-br\/wp-json\/wp\/v2\/types\/product"}],"version-history":[{"count":3,"href":"https:\/\/farmaciadosul.com\/pt-br\/wp-json\/wp\/v2\/product\/4744\/revisions"}],"predecessor-version":[{"id":6626,"href":"https:\/\/farmaciadosul.com\/pt-br\/wp-json\/wp\/v2\/product\/4744\/revisions\/6626"}],"wp:featuredmedia":[{"embeddable":true,"href":"https:\/\/farmaciadosul.com\/pt-br\/wp-json\/wp\/v2\/media\/6624"}],"wp:attachment":[{"href":"https:\/\/farmaciadosul.com\/pt-br\/wp-json\/wp\/v2\/media?parent=4744"}],"wp:term":[{"taxonomy":"product_brand","embeddable":true,"href":"https:\/\/farmaciadosul.com\/pt-br\/wp-json\/wp\/v2\/product_brand?post=4744"},{"taxonomy":"product_cat","embeddable":true,"href":"https:\/\/farmaciadosul.com\/pt-br\/wp-json\/wp\/v2\/product_cat?post=4744"},{"taxonomy":"product_tag","embeddable":true,"href":"https:\/\/farmaciadosul.com\/pt-br\/wp-json\/wp\/v2\/product_tag?post=4744"}],"curies":[{"name":"wp","href":"https:\/\/api.w.org\/{rel}","templated":true}]}}