{"id":4745,"date":"2026-01-30T19:41:10","date_gmt":"2026-01-30T19:41:10","guid":{"rendered":"https:\/\/farmaciadosul.com\/product\/no-xplode-grape-1-22lb\/"},"modified":"2026-04-19T10:30:11","modified_gmt":"2026-04-19T10:30:11","slug":"no-xplode-grape-1-22lb","status":"publish","type":"product","link":"https:\/\/farmaciadosul.com\/pt-br\/produto\/no-xplode-grape-1-22lb\/","title":{"rendered":"NO XPLODE GRAPE 1.22LB"},"content":{"rendered":"<p>BSN N.O.-Xplode (sabor uva, 1.22 lb\/555g)<\/p>\n<p>es un suplemento pre-entrenamiento de alto rendimiento con 30 servicios, dise\u00f1ado para proporcionar energ\u00eda explosiva, concentraci\u00f3n intensa y mayor resistencia. Cada dosis (18.5g) contiene 275 mg de cafe\u00edna y 1.8g de beta-alanina para potenciar el bombeo muscular y el rendimiento.<\/p>\n<p><strong>Detalles Principales:<\/strong><\/p>\n<ul>\n<li><strong>Marca:<\/strong> <a href=\"https:\/\/www.amazon.com\/BSN-XPLODE-Pre-Workout-Supplement-Beta-Alanine\/dp\/B007XRVL2Y\">BSN<\/a><\/li>\n<li><strong>Sabor:<\/strong> Uva (Grape)<\/li>\n<li><strong>Contenido:<\/strong> 1.22 Libras (aprox. 30 porciones)<\/li>\n<li><strong>Componentes Clave:<\/strong> 275mg de cafe\u00edna, 1.8g de Beta-Alanina, Creatina, Taurina<\/li>\n<li><strong>Beneficios:<\/strong> Energ\u00eda extrema, enfoque mental, mayor congesti\u00f3n muscular (pump) y resistencia<\/li>\n<li><strong>Uso Recomendado:<\/strong> Mezclar una cucharada con 4-6 onzas de agua fr\u00eda, consumir 20-30 minutos antes de entrenar<\/li>\n<\/ul>\n<p>Este producto incluye un sistema de liberaci\u00f3n <a href=\"https:\/\/perfectbodystore.com\/producto\/bsn-no-xplode-1-22-lbs-30-srv-grape\/\">EfforSorb<\/a> y es adecuado para mejorar el rendimiento en entrenamientos de alta intensidad. Se recomienda no superar dos cucharadas al d\u00eda.<\/p>\n","protected":false},"excerpt":{"rendered":"<p>BSN N.O.-Xplode (sabor uva, 1.22 lb\/555g) es un suplemento pre-entrenamiento de alto rendimiento con 30 servicios, dise\u00f1ado para proporcionar energ\u00eda<\/p>\n","protected":false},"featured_media":6627,"template":"","meta":[],"product_brand":[139],"product_cat":[148],"product_tag":[],"class_list":{"0":"post-4745","1":"product","2":"type-product","3":"status-publish","4":"has-post-thumbnail","6":"product_brand-bsn","7":"product_cat-suplementos","9":"first","10":"instock","11":"shipping-taxable","12":"purchasable","13":"product-type-simple"},"_links":{"self":[{"href":"https:\/\/farmaciadosul.com\/pt-br\/wp-json\/wp\/v2\/product\/4745","targetHints":{"allow":["GET"]}}],"collection":[{"href":"https:\/\/farmaciadosul.com\/pt-br\/wp-json\/wp\/v2\/product"}],"about":[{"href":"https:\/\/farmaciadosul.com\/pt-br\/wp-json\/wp\/v2\/types\/product"}],"version-history":[{"count":2,"href":"https:\/\/farmaciadosul.com\/pt-br\/wp-json\/wp\/v2\/product\/4745\/revisions"}],"predecessor-version":[{"id":6629,"href":"https:\/\/farmaciadosul.com\/pt-br\/wp-json\/wp\/v2\/product\/4745\/revisions\/6629"}],"wp:featuredmedia":[{"embeddable":true,"href":"https:\/\/farmaciadosul.com\/pt-br\/wp-json\/wp\/v2\/media\/6627"}],"wp:attachment":[{"href":"https:\/\/farmaciadosul.com\/pt-br\/wp-json\/wp\/v2\/media?parent=4745"}],"wp:term":[{"taxonomy":"product_brand","embeddable":true,"href":"https:\/\/farmaciadosul.com\/pt-br\/wp-json\/wp\/v2\/product_brand?post=4745"},{"taxonomy":"product_cat","embeddable":true,"href":"https:\/\/farmaciadosul.com\/pt-br\/wp-json\/wp\/v2\/product_cat?post=4745"},{"taxonomy":"product_tag","embeddable":true,"href":"https:\/\/farmaciadosul.com\/pt-br\/wp-json\/wp\/v2\/product_tag?post=4745"}],"curies":[{"name":"wp","href":"https:\/\/api.w.org\/{rel}","templated":true}]}}