{"id":4747,"date":"2026-01-30T19:41:12","date_gmt":"2026-01-30T19:41:12","guid":{"rendered":"https:\/\/farmaciadosul.com\/product\/no-xplode-watermelon-1-22lb\/"},"modified":"2026-03-12T18:30:13","modified_gmt":"2026-03-12T18:30:13","slug":"no-xplode-watermelon-1-22lb","status":"publish","type":"product","link":"https:\/\/farmaciadosul.com\/pt-br\/produto\/no-xplode-watermelon-1-22lb\/","title":{"rendered":"NO XPLODE WATERMELON 1.22LB"},"content":{"rendered":"<p>&nbsp;<\/p>\n<p>NO-Xplode de BSN en sabor Watermelon (Sand\u00eda)<\/p>\n<p>, presentaci\u00f3n de 1.22 lb (aprox. 30 servicios), es un suplemento pre-entrenamiento dise\u00f1ado para brindar energ\u00eda explosiva, enfoque intenso, congesti\u00f3n muscular y mayor resistencia. Su f\u00f3rmula avanzada incluye cafe\u00edna, beta-alanina y creatina para potenciar el rendimiento f\u00edsico.<\/p>\n<p><strong>Caracter\u00edsticas y Detalles del Producto:<\/strong><\/p>\n<ul>\n<li><strong>Marca:<\/strong> BSN.<\/li>\n<li><strong>Sabor:<\/strong> Watermelon (Sand\u00eda).<\/li>\n<li><strong>Peso:<\/strong> 1.22 Libras (555 gramos aprox.).<\/li>\n<li><strong>Servicios:<\/strong> Aproximadamente 30 tomas.<\/li>\n<li><strong>Componentes Clave:<\/strong> 275 mg de cafe\u00edna, 1.8 g de Beta-Alanina, creatina, y nutrientes para el rendimiento.<\/li>\n<li><strong>Beneficios:<\/strong> Energ\u00eda inmediata, mejora la concentraci\u00f3n mental y aumenta la resistencia muscular.<\/li>\n<\/ul>\n<p><strong>Modo de Uso:<\/strong><\/p>\n<ul>\n<li>Mezclar 1 scoop (18.5 g) con 4-6 oz (120-180 ml) de agua fr\u00eda 20-30 minutos antes de entrenar.<\/li>\n<li>Se recomienda no agitar el recipiente, sino revolver el polvo para mezclar.<\/li>\n<li>No superar dos cucharadas al d\u00eda.<\/li>\n<\/ul>\n<p><strong>Advertencias:<\/strong><\/p>\n<ul>\n<li>Consultar a un m\u00e9dico antes de usar si se tienen condiciones m\u00e9dicas.<\/li>\n<li>No apto para menores de 18 a\u00f1os, embarazadas o personas sensibles a la cafe\u00edna\/beta-alanina.<\/li>\n<li>Evitar el consumo de cafe\u00edna de otras fuentes mientras se utiliza.<\/li>\n<\/ul>\n","protected":false},"excerpt":{"rendered":"<p>&nbsp; NO-Xplode de BSN en sabor Watermelon (Sand\u00eda) , presentaci\u00f3n de 1.22 lb (aprox. 30 servicios), es un suplemento pre-entrenamiento<\/p>\n","protected":false},"featured_media":6611,"template":"","meta":[],"product_brand":[139],"product_cat":[148],"product_tag":[],"class_list":{"0":"post-4747","1":"product","2":"type-product","3":"status-publish","4":"has-post-thumbnail","6":"product_brand-bsn","7":"product_cat-suplementos","9":"first","10":"instock","11":"shipping-taxable","12":"purchasable","13":"product-type-simple"},"_links":{"self":[{"href":"https:\/\/farmaciadosul.com\/pt-br\/wp-json\/wp\/v2\/product\/4747","targetHints":{"allow":["GET"]}}],"collection":[{"href":"https:\/\/farmaciadosul.com\/pt-br\/wp-json\/wp\/v2\/product"}],"about":[{"href":"https:\/\/farmaciadosul.com\/pt-br\/wp-json\/wp\/v2\/types\/product"}],"version-history":[{"count":3,"href":"https:\/\/farmaciadosul.com\/pt-br\/wp-json\/wp\/v2\/product\/4747\/revisions"}],"predecessor-version":[{"id":6613,"href":"https:\/\/farmaciadosul.com\/pt-br\/wp-json\/wp\/v2\/product\/4747\/revisions\/6613"}],"wp:featuredmedia":[{"embeddable":true,"href":"https:\/\/farmaciadosul.com\/pt-br\/wp-json\/wp\/v2\/media\/6611"}],"wp:attachment":[{"href":"https:\/\/farmaciadosul.com\/pt-br\/wp-json\/wp\/v2\/media?parent=4747"}],"wp:term":[{"taxonomy":"product_brand","embeddable":true,"href":"https:\/\/farmaciadosul.com\/pt-br\/wp-json\/wp\/v2\/product_brand?post=4747"},{"taxonomy":"product_cat","embeddable":true,"href":"https:\/\/farmaciadosul.com\/pt-br\/wp-json\/wp\/v2\/product_cat?post=4747"},{"taxonomy":"product_tag","embeddable":true,"href":"https:\/\/farmaciadosul.com\/pt-br\/wp-json\/wp\/v2\/product_tag?post=4747"}],"curies":[{"name":"wp","href":"https:\/\/api.w.org\/{rel}","templated":true}]}}