{"id":4748,"date":"2026-01-30T19:41:12","date_gmt":"2026-01-30T19:41:12","guid":{"rendered":"https:\/\/farmaciadosul.com\/product\/cellucor-c4-orange-dream-burts\/"},"modified":"2026-04-19T09:00:13","modified_gmt":"2026-04-19T09:00:13","slug":"cellucor-c4-orange-dream-burts","status":"publish","type":"product","link":"https:\/\/farmaciadosul.com\/pt-br\/produto\/cellucor-c4-orange-dream-burts\/","title":{"rendered":"CELLUCOR C4 ORANGE DREAM\/BURTS"},"content":{"rendered":"<p>C4 Orange Dreamsicle es el polvo pre-entrenamiento m\u00e1s popular de Cellucor. Con ingredientes como el nitrato de creatina, TeaCrine, alfa-cetoglutarato de beta-alanina arginina y cafe\u00edna, C4 continuar\u00e1 brindando energ\u00eda explosiva y concentraci\u00f3n para ayudarlo a avanzar en su pr\u00f3ximo entrenamiento.<\/p>\n","protected":false},"excerpt":{"rendered":"<p>C4 Orange Dreamsicle es el polvo pre-entrenamiento m\u00e1s popular de Cellucor. Con ingredientes como el nitrato de creatina, TeaCrine, alfa-cetoglutarato<\/p>\n","protected":false},"featured_media":6616,"template":"","meta":[],"product_brand":[143],"product_cat":[148],"product_tag":[],"class_list":{"0":"post-4748","1":"product","2":"type-product","3":"status-publish","4":"has-post-thumbnail","6":"product_brand-cellucor","7":"product_cat-suplementos","9":"first","10":"instock","11":"shipping-taxable","12":"purchasable","13":"product-type-simple"},"_links":{"self":[{"href":"https:\/\/farmaciadosul.com\/pt-br\/wp-json\/wp\/v2\/product\/4748","targetHints":{"allow":["GET"]}}],"collection":[{"href":"https:\/\/farmaciadosul.com\/pt-br\/wp-json\/wp\/v2\/product"}],"about":[{"href":"https:\/\/farmaciadosul.com\/pt-br\/wp-json\/wp\/v2\/types\/product"}],"version-history":[{"count":3,"href":"https:\/\/farmaciadosul.com\/pt-br\/wp-json\/wp\/v2\/product\/4748\/revisions"}],"predecessor-version":[{"id":6618,"href":"https:\/\/farmaciadosul.com\/pt-br\/wp-json\/wp\/v2\/product\/4748\/revisions\/6618"}],"wp:featuredmedia":[{"embeddable":true,"href":"https:\/\/farmaciadosul.com\/pt-br\/wp-json\/wp\/v2\/media\/6616"}],"wp:attachment":[{"href":"https:\/\/farmaciadosul.com\/pt-br\/wp-json\/wp\/v2\/media?parent=4748"}],"wp:term":[{"taxonomy":"product_brand","embeddable":true,"href":"https:\/\/farmaciadosul.com\/pt-br\/wp-json\/wp\/v2\/product_brand?post=4748"},{"taxonomy":"product_cat","embeddable":true,"href":"https:\/\/farmaciadosul.com\/pt-br\/wp-json\/wp\/v2\/product_cat?post=4748"},{"taxonomy":"product_tag","embeddable":true,"href":"https:\/\/farmaciadosul.com\/pt-br\/wp-json\/wp\/v2\/product_tag?post=4748"}],"curies":[{"name":"wp","href":"https:\/\/api.w.org\/{rel}","templated":true}]}}