{"id":4749,"date":"2026-01-30T19:41:13","date_gmt":"2026-01-30T19:41:13","guid":{"rendered":"https:\/\/farmaciadosul.com\/product\/creatine-dna-309gr\/"},"modified":"2026-04-19T09:00:13","modified_gmt":"2026-04-19T09:00:13","slug":"creatine-dna-309gr","status":"publish","type":"product","link":"https:\/\/farmaciadosul.com\/pt-br\/produto\/creatine-dna-309gr\/","title":{"rendered":"CREATINE DNA 309GR"},"content":{"rendered":"<div data-content-type=\"row\" data-appearance=\"contained\" data-element=\"main\">\n<div data-enable-parallax=\"0\" data-parallax-speed=\"0.5\" data-background-images=\"{}\" data-background-type=\"image\" data-video-loop=\"true\" data-video-play-only-visible=\"true\" data-video-lazy-load=\"true\" data-video-fallback-src=\"\" data-element=\"inner\" data-pb-style=\"6248F68FADF4F\">\n<div data-content-type=\"text\" data-appearance=\"default\" data-element=\"main\" data-pb-style=\"6248F68FADF64\">La creatina es una fuente inmediata y directa para regenerar \u00a0el ATP (Adenosin Tri Fosfato ) es una fuente de energ\u00eda de las celulas musculares.\u00a0\u00a0Ayuda a fabricar m\u00e1s combustible para el m\u00fasculo en forma de\u00a0ATP*, esto asegura que los m\u00fasculos trabajen m\u00e1s r\u00e1pido durante m\u00e1s tiempo, y tambi\u00e9n que se recuperen m\u00e1s r\u00e1pido luego del entrenamiento intenso. Al recuperarte m\u00e1s rapido entre series pod\u00e9s levantar m\u00e1s peso, esto implica mayor ruptura de fibras y en definitiva, mayor crecimiento.<\/div>\n<\/div>\n<\/div>\n","protected":false},"excerpt":{"rendered":"<p>La creatina es una fuente inmediata y directa para regenerar \u00a0el ATP (Adenosin Tri Fosfato ) es una fuente de<\/p>\n","protected":false},"featured_media":6606,"template":"","meta":[],"product_brand":[139],"product_cat":[148],"product_tag":[],"class_list":{"0":"post-4749","1":"product","2":"type-product","3":"status-publish","4":"has-post-thumbnail","6":"product_brand-bsn","7":"product_cat-suplementos","9":"first","10":"instock","11":"shipping-taxable","12":"purchasable","13":"product-type-simple"},"_links":{"self":[{"href":"https:\/\/farmaciadosul.com\/pt-br\/wp-json\/wp\/v2\/product\/4749","targetHints":{"allow":["GET"]}}],"collection":[{"href":"https:\/\/farmaciadosul.com\/pt-br\/wp-json\/wp\/v2\/product"}],"about":[{"href":"https:\/\/farmaciadosul.com\/pt-br\/wp-json\/wp\/v2\/types\/product"}],"version-history":[{"count":3,"href":"https:\/\/farmaciadosul.com\/pt-br\/wp-json\/wp\/v2\/product\/4749\/revisions"}],"predecessor-version":[{"id":6608,"href":"https:\/\/farmaciadosul.com\/pt-br\/wp-json\/wp\/v2\/product\/4749\/revisions\/6608"}],"wp:featuredmedia":[{"embeddable":true,"href":"https:\/\/farmaciadosul.com\/pt-br\/wp-json\/wp\/v2\/media\/6606"}],"wp:attachment":[{"href":"https:\/\/farmaciadosul.com\/pt-br\/wp-json\/wp\/v2\/media?parent=4749"}],"wp:term":[{"taxonomy":"product_brand","embeddable":true,"href":"https:\/\/farmaciadosul.com\/pt-br\/wp-json\/wp\/v2\/product_brand?post=4749"},{"taxonomy":"product_cat","embeddable":true,"href":"https:\/\/farmaciadosul.com\/pt-br\/wp-json\/wp\/v2\/product_cat?post=4749"},{"taxonomy":"product_tag","embeddable":true,"href":"https:\/\/farmaciadosul.com\/pt-br\/wp-json\/wp\/v2\/product_tag?post=4749"}],"curies":[{"name":"wp","href":"https:\/\/api.w.org\/{rel}","templated":true}]}}