{"id":4754,"date":"2026-01-30T19:41:17","date_gmt":"2026-01-30T19:41:17","guid":{"rendered":"https:\/\/farmaciadosul.com\/product\/cellucor-c4-fruit-punch\/"},"modified":"2026-04-18T15:30:15","modified_gmt":"2026-04-18T15:30:15","slug":"cellucor-c4-fruit-punch","status":"publish","type":"product","link":"https:\/\/farmaciadosul.com\/pt-br\/produto\/cellucor-c4-fruit-punch\/","title":{"rendered":"CELLUCOR C4 FRUIT PUNCH"},"content":{"rendered":"<div data-content-type=\"row\" data-appearance=\"contained\" data-element=\"main\">\n<div data-enable-parallax=\"0\" data-parallax-speed=\"0.5\" data-background-images=\"{}\" data-background-type=\"image\" data-video-loop=\"true\" data-video-play-only-visible=\"true\" data-video-lazy-load=\"true\" data-video-fallback-src=\"\" data-element=\"inner\" data-pb-style=\"6248F68FA1284\">\n<div data-content-type=\"text\" data-appearance=\"default\" data-element=\"main\" data-pb-style=\"6248F68FA1298\">El suplemento diet\u00e9tico\u00a0C4 es un polvo pre-entrenamiento para energizar tus entrenamientos. Presenta una mezcla especial de ingredientes patentados que ayudan a promover la energ\u00eda y el rendimiento. Brinda una energ\u00eda explosiva, apoyo para el rendimiento extremo y el estado de alerta mental. Contiene 150 mg de cafe\u00edna, tambi\u00e9n provee Beta-alanina, arginina AKG, NO3-T.<\/div>\n<\/div>\n<\/div>\n","protected":false},"excerpt":{"rendered":"<p>El suplemento diet\u00e9tico\u00a0C4 es un polvo pre-entrenamiento para energizar tus entrenamientos. Presenta una mezcla especial de ingredientes patentados que ayudan<\/p>\n","protected":false},"featured_media":6589,"template":"","meta":[],"product_brand":[143],"product_cat":[148],"product_tag":[],"class_list":{"0":"post-4754","1":"product","2":"type-product","3":"status-publish","4":"has-post-thumbnail","6":"product_brand-cellucor","7":"product_cat-suplementos","9":"first","10":"instock","11":"shipping-taxable","12":"purchasable","13":"product-type-simple"},"_links":{"self":[{"href":"https:\/\/farmaciadosul.com\/pt-br\/wp-json\/wp\/v2\/product\/4754","targetHints":{"allow":["GET"]}}],"collection":[{"href":"https:\/\/farmaciadosul.com\/pt-br\/wp-json\/wp\/v2\/product"}],"about":[{"href":"https:\/\/farmaciadosul.com\/pt-br\/wp-json\/wp\/v2\/types\/product"}],"version-history":[{"count":2,"href":"https:\/\/farmaciadosul.com\/pt-br\/wp-json\/wp\/v2\/product\/4754\/revisions"}],"predecessor-version":[{"id":6591,"href":"https:\/\/farmaciadosul.com\/pt-br\/wp-json\/wp\/v2\/product\/4754\/revisions\/6591"}],"wp:featuredmedia":[{"embeddable":true,"href":"https:\/\/farmaciadosul.com\/pt-br\/wp-json\/wp\/v2\/media\/6589"}],"wp:attachment":[{"href":"https:\/\/farmaciadosul.com\/pt-br\/wp-json\/wp\/v2\/media?parent=4754"}],"wp:term":[{"taxonomy":"product_brand","embeddable":true,"href":"https:\/\/farmaciadosul.com\/pt-br\/wp-json\/wp\/v2\/product_brand?post=4754"},{"taxonomy":"product_cat","embeddable":true,"href":"https:\/\/farmaciadosul.com\/pt-br\/wp-json\/wp\/v2\/product_cat?post=4754"},{"taxonomy":"product_tag","embeddable":true,"href":"https:\/\/farmaciadosul.com\/pt-br\/wp-json\/wp\/v2\/product_tag?post=4754"}],"curies":[{"name":"wp","href":"https:\/\/api.w.org\/{rel}","templated":true}]}}