{"id":4756,"date":"2026-01-30T19:41:18","date_gmt":"2026-01-30T19:41:18","guid":{"rendered":"https:\/\/farmaciadosul.com\/product\/dr-berger-magnesio-500mg-x-60-caps\/"},"modified":"2026-04-19T07:30:12","modified_gmt":"2026-04-19T07:30:12","slug":"dr-berger-magnesio-500mg-x-60-caps","status":"publish","type":"product","link":"https:\/\/farmaciadosul.com\/pt-br\/produto\/dr-berger-magnesio-500mg-x-60-caps\/","title":{"rendered":"DR BERGER MAGNESIO 500MG X 60 CAPS"},"content":{"rendered":"<p>&nbsp;<\/p>\n<p><strong>Dr. Berger Magnesio 500mg (60 c\u00e1psulas)<\/strong> es un mineral esencial dise\u00f1ado para apoyar el buen funcionamiento neuromuscular, \u00f3seo y nervioso. Ayuda a reducir calambres, fatiga, mejorar la funci\u00f3n cerebral y promover el equilibrio cardiovascular. Se recomienda 1 c\u00e1psula diaria para combatir deficiencias y estr\u00e9s.<\/p>\n<p><strong>Caracter\u00edsticas y Beneficios Principales:<\/strong><\/p>\n<ul>\n<li><strong>Acci\u00f3n Terap\u00e9utica:<\/strong> Contribuye a la producci\u00f3n de energ\u00eda, equilibrio electrol\u00edtico y salud del sistema nervioso.<\/li>\n<li><strong>Salud Muscular y \u00d3sea:<\/strong> Alivia calambres musculares y favorece la fijaci\u00f3n de calcio para fortalecer huesos y dientes.<\/li>\n<li><strong>Bienestar Mental:<\/strong> Ayuda a reducir el estr\u00e9s y la ansiedad, funcionando como un relajante natural.<\/li>\n<li><strong>Salud Cardiovascular:<\/strong> Favorece la regulaci\u00f3n de la presi\u00f3n arterial y el funcionamiento card\u00edaco.<\/li>\n<li><strong>Forma de uso:<\/strong> Generalmente se recomienda 1 c\u00e1psula al d\u00eda, preferentemente con las comidas.<\/li>\n<\/ul>\n<p><strong>Contraindicaciones:<\/strong><\/p>\n<ul>\n<li>No recomendado en casos de insuficiencia renal severa.<\/li>\n<li>Embarazo y lactancia, solo bajo supervisi\u00f3n m\u00e9dica.<\/li>\n<\/ul>\n","protected":false},"excerpt":{"rendered":"<p>&nbsp; Dr. Berger Magnesio 500mg (60 c\u00e1psulas) es un mineral esencial dise\u00f1ado para apoyar el buen funcionamiento neuromuscular, \u00f3seo y<\/p>\n","protected":false},"featured_media":6583,"template":"","meta":[],"product_brand":[144],"product_cat":[148],"product_tag":[],"class_list":{"0":"post-4756","1":"product","2":"type-product","3":"status-publish","4":"has-post-thumbnail","6":"product_brand-doctor-berger-do-brasil","7":"product_cat-suplementos","9":"first","10":"instock","11":"shipping-taxable","12":"purchasable","13":"product-type-simple"},"_links":{"self":[{"href":"https:\/\/farmaciadosul.com\/pt-br\/wp-json\/wp\/v2\/product\/4756","targetHints":{"allow":["GET"]}}],"collection":[{"href":"https:\/\/farmaciadosul.com\/pt-br\/wp-json\/wp\/v2\/product"}],"about":[{"href":"https:\/\/farmaciadosul.com\/pt-br\/wp-json\/wp\/v2\/types\/product"}],"version-history":[{"count":2,"href":"https:\/\/farmaciadosul.com\/pt-br\/wp-json\/wp\/v2\/product\/4756\/revisions"}],"predecessor-version":[{"id":6585,"href":"https:\/\/farmaciadosul.com\/pt-br\/wp-json\/wp\/v2\/product\/4756\/revisions\/6585"}],"wp:featuredmedia":[{"embeddable":true,"href":"https:\/\/farmaciadosul.com\/pt-br\/wp-json\/wp\/v2\/media\/6583"}],"wp:attachment":[{"href":"https:\/\/farmaciadosul.com\/pt-br\/wp-json\/wp\/v2\/media?parent=4756"}],"wp:term":[{"taxonomy":"product_brand","embeddable":true,"href":"https:\/\/farmaciadosul.com\/pt-br\/wp-json\/wp\/v2\/product_brand?post=4756"},{"taxonomy":"product_cat","embeddable":true,"href":"https:\/\/farmaciadosul.com\/pt-br\/wp-json\/wp\/v2\/product_cat?post=4756"},{"taxonomy":"product_tag","embeddable":true,"href":"https:\/\/farmaciadosul.com\/pt-br\/wp-json\/wp\/v2\/product_tag?post=4756"}],"curies":[{"name":"wp","href":"https:\/\/api.w.org\/{rel}","templated":true}]}}