{"id":4759,"date":"2026-01-30T19:41:20","date_gmt":"2026-01-30T19:41:20","guid":{"rendered":"https:\/\/farmaciadosul.com\/product\/cellucor-c4-orange-50-service\/"},"modified":"2026-03-25T17:00:13","modified_gmt":"2026-03-25T17:00:13","slug":"cellucor-c4-orange-50-service","status":"publish","type":"product","link":"https:\/\/farmaciadosul.com\/pt-br\/produto\/cellucor-c4-orange-50-service\/","title":{"rendered":"CELLUCOR C4 ORANGE 50 SERVICE"},"content":{"rendered":"<div class=\"description\">\n<p>C4 Original de Cellucor es un pre-entreno especialmente formulado con ingredientes enfocados para mejorar la intensidad, la fuerza y la resistencia en tus entrenamientos m\u00e1s intensos.<\/p>\n<p><strong>Como Tomar<\/strong><\/p>\n<p>Tomar 1 dosis (6.5 g) con 150-200 ml de agua 20-30 minutos antes del entrenamiento.<\/p>\n<p><strong>Advertencia<\/strong><\/p>\n<p>Este producto no est\u00e1 destinado para diagnosticar, tratar, curar o prevenir ninguna enfermedad, y no suple una alimentaci\u00f3n equilibrada. Consulte con su m\u00e9dico antes de usar si usted est\u00e1 embarazada, amamantando, tomando cualquier medicaci\u00f3n o tiene alguna condici\u00f3n m\u00e9dica. Mantener a temperatura ambiente controlada (15 &#8211; 30) \u02daC, en un lugar seco. Mantener fuera del alcance de los ni\u00f1os.<\/p>\n<\/div>\n","protected":false},"excerpt":{"rendered":"<p>C4 Original de Cellucor es un pre-entreno especialmente formulado con ingredientes enfocados para mejorar la intensidad, la fuerza y la<\/p>\n","protected":false},"featured_media":6568,"template":"","meta":[],"product_brand":[143],"product_cat":[148],"product_tag":[],"class_list":{"0":"post-4759","1":"product","2":"type-product","3":"status-publish","4":"has-post-thumbnail","6":"product_brand-cellucor","7":"product_cat-suplementos","9":"first","10":"instock","11":"shipping-taxable","12":"purchasable","13":"product-type-simple"},"_links":{"self":[{"href":"https:\/\/farmaciadosul.com\/pt-br\/wp-json\/wp\/v2\/product\/4759","targetHints":{"allow":["GET"]}}],"collection":[{"href":"https:\/\/farmaciadosul.com\/pt-br\/wp-json\/wp\/v2\/product"}],"about":[{"href":"https:\/\/farmaciadosul.com\/pt-br\/wp-json\/wp\/v2\/types\/product"}],"version-history":[{"count":3,"href":"https:\/\/farmaciadosul.com\/pt-br\/wp-json\/wp\/v2\/product\/4759\/revisions"}],"predecessor-version":[{"id":6571,"href":"https:\/\/farmaciadosul.com\/pt-br\/wp-json\/wp\/v2\/product\/4759\/revisions\/6571"}],"wp:featuredmedia":[{"embeddable":true,"href":"https:\/\/farmaciadosul.com\/pt-br\/wp-json\/wp\/v2\/media\/6568"}],"wp:attachment":[{"href":"https:\/\/farmaciadosul.com\/pt-br\/wp-json\/wp\/v2\/media?parent=4759"}],"wp:term":[{"taxonomy":"product_brand","embeddable":true,"href":"https:\/\/farmaciadosul.com\/pt-br\/wp-json\/wp\/v2\/product_brand?post=4759"},{"taxonomy":"product_cat","embeddable":true,"href":"https:\/\/farmaciadosul.com\/pt-br\/wp-json\/wp\/v2\/product_cat?post=4759"},{"taxonomy":"product_tag","embeddable":true,"href":"https:\/\/farmaciadosul.com\/pt-br\/wp-json\/wp\/v2\/product_tag?post=4759"}],"curies":[{"name":"wp","href":"https:\/\/api.w.org\/{rel}","templated":true}]}}