{"id":4761,"date":"2026-01-30T19:41:21","date_gmt":"2026-01-30T19:41:21","guid":{"rendered":"https:\/\/farmaciadosul.com\/product\/ge-tribulus-1000-mg-90-caps\/"},"modified":"2026-04-19T09:30:14","modified_gmt":"2026-04-19T09:30:14","slug":"ge-tribulus-1000-mg-90-caps","status":"publish","type":"product","link":"https:\/\/farmaciadosul.com\/pt-br\/produto\/ge-tribulus-1000-mg-90-caps\/","title":{"rendered":"GE TRIBULUS 1000 MG 90 CAPS"},"content":{"rendered":"<p>Se utiliza en suplementos nutricionales. extra\u00eddos de hierbas. para promover grandes ganancias de fuerza y \u200b\u200bmasa muscular magra. Tambi\u00e9n es compatible con un aumento de la testosterona en los hombres. Aumenta los niveles de testosterona y aumenta la libido.<\/p>\n<h4><strong>Posolog\u00eda<\/strong><\/h4>\n<ul>\n<li>2 c\u00e1psulas al d\u00eda con las comidas.<\/li>\n<\/ul>\n<h4><strong>Advertencia<\/strong><\/h4>\n<ul>\n<li>Este producto no est\u00e1 destinado para diagnosticar, tratar, curar o prevenir ninguna enfermedad, y no suple una alimentaci\u00f3n equilibrada.<\/li>\n<li>Consulte con su m\u00e9dico antes de usar si usted est\u00e1 embarazada, amamantando, tomando cualquier medicaci\u00f3n o tiene alguna condici\u00f3n m\u00e9dica.<\/li>\n<li>Mantener a temperatura ambiente controlada (15 \u2013 30) \u02daC, en un lugar seco.<\/li>\n<li>Mantener fuera del alcance de los ni\u00f1os.<\/li>\n<\/ul>\n","protected":false},"excerpt":{"rendered":"<p>Se utiliza en suplementos nutricionales. extra\u00eddos de hierbas. para promover grandes ganancias de fuerza y \u200b\u200bmasa muscular magra. Tambi\u00e9n es<\/p>\n","protected":false},"featured_media":6561,"template":"","meta":[],"product_brand":[145],"product_cat":[148],"product_tag":[],"class_list":{"0":"post-4761","1":"product","2":"type-product","3":"status-publish","4":"has-post-thumbnail","6":"product_brand-good-energy","7":"product_cat-suplementos","9":"first","10":"instock","11":"shipping-taxable","12":"purchasable","13":"product-type-simple"},"_links":{"self":[{"href":"https:\/\/farmaciadosul.com\/pt-br\/wp-json\/wp\/v2\/product\/4761","targetHints":{"allow":["GET"]}}],"collection":[{"href":"https:\/\/farmaciadosul.com\/pt-br\/wp-json\/wp\/v2\/product"}],"about":[{"href":"https:\/\/farmaciadosul.com\/pt-br\/wp-json\/wp\/v2\/types\/product"}],"version-history":[{"count":3,"href":"https:\/\/farmaciadosul.com\/pt-br\/wp-json\/wp\/v2\/product\/4761\/revisions"}],"predecessor-version":[{"id":6563,"href":"https:\/\/farmaciadosul.com\/pt-br\/wp-json\/wp\/v2\/product\/4761\/revisions\/6563"}],"wp:featuredmedia":[{"embeddable":true,"href":"https:\/\/farmaciadosul.com\/pt-br\/wp-json\/wp\/v2\/media\/6561"}],"wp:attachment":[{"href":"https:\/\/farmaciadosul.com\/pt-br\/wp-json\/wp\/v2\/media?parent=4761"}],"wp:term":[{"taxonomy":"product_brand","embeddable":true,"href":"https:\/\/farmaciadosul.com\/pt-br\/wp-json\/wp\/v2\/product_brand?post=4761"},{"taxonomy":"product_cat","embeddable":true,"href":"https:\/\/farmaciadosul.com\/pt-br\/wp-json\/wp\/v2\/product_cat?post=4761"},{"taxonomy":"product_tag","embeddable":true,"href":"https:\/\/farmaciadosul.com\/pt-br\/wp-json\/wp\/v2\/product_tag?post=4761"}],"curies":[{"name":"wp","href":"https:\/\/api.w.org\/{rel}","templated":true}]}}