{"id":4764,"date":"2026-01-30T19:41:23","date_gmt":"2026-01-30T19:41:23","guid":{"rendered":"https:\/\/farmaciadosul.com\/product\/gnc-magnesium-250-mg-90-tabl\/"},"modified":"2026-04-19T09:30:14","modified_gmt":"2026-04-19T09:30:14","slug":"gnc-magnesium-250-mg-90-tabl","status":"publish","type":"product","link":"https:\/\/farmaciadosul.com\/pt-br\/produto\/gnc-magnesium-250-mg-90-tabl\/","title":{"rendered":"GNC MAGNESIUM 250 MG 90&#8242; TABL"},"content":{"rendered":"<p>El Suplemento GNC Magnesium 250 mg es un producto de alta calidad de la reconocida marca GNC. El magnesio es uno de los macrominerales esenciales para el organismo, necesario en cantidades superiores a 100 mg al d\u00eda, junto con otros minerales como Calcio, F\u00f3sforo, Potasio, Cloruro, Sodio y Azufre. Este suplemento ayuda a regular la disposici\u00f3n de otros minerales, con posolog\u00eda de una tableta al d\u00eda con las comidas. Es importante tener en cuenta que este producto no reemplaza una alimentaci\u00f3n equilibrada y se debe consultar a un m\u00e9dico antes de su uso en casos especiales. Adem\u00e1s, el magnesio est\u00e1 involucrado en cientos de reacciones bioqu\u00edmicas en el cuerpo, beneficiando la salud en diferentes aspectos como el rendimiento deportivo, la prevenci\u00f3n de la depresi\u00f3n y diabetes tipo 2, la reducci\u00f3n de la presi\u00f3n arterial, entre otros. Contiene 250 mg de magnesio en forma de \u00f3xido de magnesio, satisfaciendo m\u00e1s del 100% de las necesidades diarias. \u00a1Prioriza tu bienestar con este suplemento esencial!<\/p>\n","protected":false},"excerpt":{"rendered":"<p>El Suplemento GNC Magnesium 250 mg es un producto de alta calidad de la reconocida marca GNC. El magnesio es<\/p>\n","protected":false},"featured_media":6549,"template":"","meta":[],"product_brand":[142],"product_cat":[148],"product_tag":[],"class_list":{"0":"post-4764","1":"product","2":"type-product","3":"status-publish","4":"has-post-thumbnail","6":"product_brand-gnc","7":"product_cat-suplementos","9":"first","10":"instock","11":"shipping-taxable","12":"purchasable","13":"product-type-simple"},"_links":{"self":[{"href":"https:\/\/farmaciadosul.com\/pt-br\/wp-json\/wp\/v2\/product\/4764","targetHints":{"allow":["GET"]}}],"collection":[{"href":"https:\/\/farmaciadosul.com\/pt-br\/wp-json\/wp\/v2\/product"}],"about":[{"href":"https:\/\/farmaciadosul.com\/pt-br\/wp-json\/wp\/v2\/types\/product"}],"version-history":[{"count":2,"href":"https:\/\/farmaciadosul.com\/pt-br\/wp-json\/wp\/v2\/product\/4764\/revisions"}],"predecessor-version":[{"id":6551,"href":"https:\/\/farmaciadosul.com\/pt-br\/wp-json\/wp\/v2\/product\/4764\/revisions\/6551"}],"wp:featuredmedia":[{"embeddable":true,"href":"https:\/\/farmaciadosul.com\/pt-br\/wp-json\/wp\/v2\/media\/6549"}],"wp:attachment":[{"href":"https:\/\/farmaciadosul.com\/pt-br\/wp-json\/wp\/v2\/media?parent=4764"}],"wp:term":[{"taxonomy":"product_brand","embeddable":true,"href":"https:\/\/farmaciadosul.com\/pt-br\/wp-json\/wp\/v2\/product_brand?post=4764"},{"taxonomy":"product_cat","embeddable":true,"href":"https:\/\/farmaciadosul.com\/pt-br\/wp-json\/wp\/v2\/product_cat?post=4764"},{"taxonomy":"product_tag","embeddable":true,"href":"https:\/\/farmaciadosul.com\/pt-br\/wp-json\/wp\/v2\/product_tag?post=4764"}],"curies":[{"name":"wp","href":"https:\/\/api.w.org\/{rel}","templated":true}]}}