{"id":4765,"date":"2026-01-30T19:41:24","date_gmt":"2026-01-30T19:41:24","guid":{"rendered":"https:\/\/farmaciadosul.com\/product\/gnc-vit-c-1000rose-hips-100-comp\/"},"modified":"2026-04-19T09:30:14","modified_gmt":"2026-04-19T09:30:14","slug":"gnc-vit-c-1000rose-hips-100-comp","status":"publish","type":"product","link":"https:\/\/farmaciadosul.com\/pt-br\/produto\/gnc-vit-c-1000rose-hips-100-comp\/","title":{"rendered":"GNC VIT C 1000ROSE HIPS 100 COMP"},"content":{"rendered":"<h1><strong>Descripci\u00f3n:<\/strong><\/h1>\n<p>Un antioxidante protector que brinda respaldo inmunol\u00f3gico *<\/p>\n<h1><strong>Presentaci\u00f3n:<\/strong><\/h1>\n<p>100 tabletas vegetarianas.<\/p>\n<h1><strong>Indicaciones:<\/strong><\/h1>\n<p>V\u00eda oral, como suplemento nutricional tomar de una a dos tabletas diarias.<\/p>\n<h1><strong>Advertencias:<\/strong><\/h1>\n<p>Ingredientes: vit. C como \u00e1cido asc\u00f3rbico. Otros ingredientes: Celulosa microcristalina, celulosa, hydroxypropylcellulose, croscarmellose, sodium, talc, stearic acid vegetable source, dicalcium phosphate, magnesium stearate vegetable source, hydroxypropyl methylcellulose, silica, rose hips powder, vegetable acetoglycerides, polyethylene glycol, polysorbate 80. Mantenga fuera del alcance de los ni\u00f1os. Almacenar en un lugar fresco y seco. Este producto no debe usarse para diagn\u00f3stico, tratamiento, cura o prevenci\u00f3n de alguna enfermedad. Si los s\u00edntomas persisten consulte a su m\u00e9dico o farmac\u00e9utico cuando corresponda. No use en mujeres embarazadas ni en periodo de lactancia. Descontin\u00fae su uso dos semanas antes de cualquier intervenci\u00f3n quir\u00fargica, el Ministerio de Salud no avala otros usos diferentes a los aprobados en esta etiqueta. Pa\u00eds de origen: Estados Unidos de Am\u00e9rica. Distribuye para C.R Los Ninos de Bejuco S.A., de Plaza Freses de Curridabat 500m norte y 75m oeste, tel\u00e9fono 2253-4249. C\u00f3digo 099212. #De Registro SD-US-14-06399. Fecha de vencimiento y n\u00famero de lote ver envase.<\/p>\n","protected":false},"excerpt":{"rendered":"<p>Descripci\u00f3n: Un antioxidante protector que brinda respaldo inmunol\u00f3gico * Presentaci\u00f3n: 100 tabletas vegetarianas. Indicaciones: V\u00eda oral, como suplemento nutricional tomar<\/p>\n","protected":false},"featured_media":6546,"template":"","meta":[],"product_brand":[142],"product_cat":[148],"product_tag":[],"class_list":{"0":"post-4765","1":"product","2":"type-product","3":"status-publish","4":"has-post-thumbnail","6":"product_brand-gnc","7":"product_cat-suplementos","9":"first","10":"instock","11":"shipping-taxable","12":"purchasable","13":"product-type-simple"},"_links":{"self":[{"href":"https:\/\/farmaciadosul.com\/pt-br\/wp-json\/wp\/v2\/product\/4765","targetHints":{"allow":["GET"]}}],"collection":[{"href":"https:\/\/farmaciadosul.com\/pt-br\/wp-json\/wp\/v2\/product"}],"about":[{"href":"https:\/\/farmaciadosul.com\/pt-br\/wp-json\/wp\/v2\/types\/product"}],"version-history":[{"count":3,"href":"https:\/\/farmaciadosul.com\/pt-br\/wp-json\/wp\/v2\/product\/4765\/revisions"}],"predecessor-version":[{"id":6548,"href":"https:\/\/farmaciadosul.com\/pt-br\/wp-json\/wp\/v2\/product\/4765\/revisions\/6548"}],"wp:featuredmedia":[{"embeddable":true,"href":"https:\/\/farmaciadosul.com\/pt-br\/wp-json\/wp\/v2\/media\/6546"}],"wp:attachment":[{"href":"https:\/\/farmaciadosul.com\/pt-br\/wp-json\/wp\/v2\/media?parent=4765"}],"wp:term":[{"taxonomy":"product_brand","embeddable":true,"href":"https:\/\/farmaciadosul.com\/pt-br\/wp-json\/wp\/v2\/product_brand?post=4765"},{"taxonomy":"product_cat","embeddable":true,"href":"https:\/\/farmaciadosul.com\/pt-br\/wp-json\/wp\/v2\/product_cat?post=4765"},{"taxonomy":"product_tag","embeddable":true,"href":"https:\/\/farmaciadosul.com\/pt-br\/wp-json\/wp\/v2\/product_tag?post=4765"}],"curies":[{"name":"wp","href":"https:\/\/api.w.org\/{rel}","templated":true}]}}