{"id":4766,"date":"2026-01-30T20:00:09","date_gmt":"2026-01-30T20:00:09","guid":{"rendered":"https:\/\/farmaciadosul.com\/?post_type=product&#038;p=4766"},"modified":"2026-02-18T17:47:30","modified_gmt":"2026-02-18T17:47:30","slug":"gnc-mega-men-180-comp","status":"publish","type":"product","link":"https:\/\/farmaciadosul.com\/pt-br\/produto\/gnc-mega-men-180-comp\/","title":{"rendered":"GNC MEGA MEN 180 COMP"},"content":{"rendered":"<ul class=\"a-unordered-list a-vertical a-spacing-mini\">\n<li class=\"a-spacing-mini\"><span class=\"a-list-item\"> Descubre el poder de una mezcla de alta potencia de antioxidantes, vitaminas y minerales que se ha demostrado que funcionan mejor que un multivitam\u00ednico b\u00e1sico. Las multivitaminas GNC Mega Men ofrecen nutrientes liberados por el tiempo que apoyan tu sistema inmunol\u00f3gico, producci\u00f3n de energ\u00eda, salud cardiovascular y m\u00e1s. <\/span><\/li>\n<li class=\"a-spacing-mini\"><span class=\"a-list-item\"> El apoyo inmunol\u00f3gico diario es solo el comienzo. El momento de pensar en su futuro es ahora, y para los hombres, eso tambi\u00e9n incluye ayudar a apoyar la salud del coraz\u00f3n, el cerebro y la pr\u00f3stata. Comienza a obtener lo que necesitas hoy con las multivitaminas GNC Mega Men y encuentra el apoyo adecuado a cualquier edad con la l\u00ednea completa de vitaminas para hombres y programas Vitapak de GNC Mega Men. <\/span><\/li>\n<li class=\"a-spacing-mini\"><span class=\"a-list-item\"> Dise\u00f1ado para la salud de los hombres con ingredientes probados para apoyar la salud cerebral y la salud del coraz\u00f3n. <\/span><\/li>\n<li class=\"a-spacing-mini\"><span class=\"a-list-item\"> Apoyo energ\u00e9tico: cuenta con vitaminas B de alta potencia que apoyan la producci\u00f3n de energ\u00eda y el metabolismo de carbohidratos, grasas y prote\u00ednas. <\/span><\/li>\n<li class=\"a-spacing-mini\"><span class=\"a-list-item\"> Calidad en la que puede confiar: liberaci\u00f3n temporal, sin gluten, sin sabores artificiales, sin leche <\/span><\/li>\n<\/ul>\n","protected":false},"excerpt":{"rendered":"<p>Descubre el poder de una mezcla de alta potencia de antioxidantes, vitaminas y minerales que se ha demostrado que funcionan<\/p>\n","protected":false},"featured_media":6542,"template":"","meta":[],"product_brand":[142],"product_cat":[148],"product_tag":[],"class_list":{"0":"post-4766","1":"product","2":"type-product","3":"status-publish","4":"has-post-thumbnail","6":"product_brand-gnc","7":"product_cat-suplementos","9":"first","10":"instock","11":"shipping-taxable","12":"purchasable","13":"product-type-simple"},"_links":{"self":[{"href":"https:\/\/farmaciadosul.com\/pt-br\/wp-json\/wp\/v2\/product\/4766","targetHints":{"allow":["GET"]}}],"collection":[{"href":"https:\/\/farmaciadosul.com\/pt-br\/wp-json\/wp\/v2\/product"}],"about":[{"href":"https:\/\/farmaciadosul.com\/pt-br\/wp-json\/wp\/v2\/types\/product"}],"version-history":[{"count":2,"href":"https:\/\/farmaciadosul.com\/pt-br\/wp-json\/wp\/v2\/product\/4766\/revisions"}],"predecessor-version":[{"id":6544,"href":"https:\/\/farmaciadosul.com\/pt-br\/wp-json\/wp\/v2\/product\/4766\/revisions\/6544"}],"wp:featuredmedia":[{"embeddable":true,"href":"https:\/\/farmaciadosul.com\/pt-br\/wp-json\/wp\/v2\/media\/6542"}],"wp:attachment":[{"href":"https:\/\/farmaciadosul.com\/pt-br\/wp-json\/wp\/v2\/media?parent=4766"}],"wp:term":[{"taxonomy":"product_brand","embeddable":true,"href":"https:\/\/farmaciadosul.com\/pt-br\/wp-json\/wp\/v2\/product_brand?post=4766"},{"taxonomy":"product_cat","embeddable":true,"href":"https:\/\/farmaciadosul.com\/pt-br\/wp-json\/wp\/v2\/product_cat?post=4766"},{"taxonomy":"product_tag","embeddable":true,"href":"https:\/\/farmaciadosul.com\/pt-br\/wp-json\/wp\/v2\/product_tag?post=4766"}],"curies":[{"name":"wp","href":"https:\/\/api.w.org\/{rel}","templated":true}]}}