{"id":4767,"date":"2026-01-30T20:00:10","date_gmt":"2026-01-30T20:00:10","guid":{"rendered":"https:\/\/farmaciadosul.com\/?post_type=product&#038;p=4767"},"modified":"2026-03-11T19:00:14","modified_gmt":"2026-03-11T19:00:14","slug":"gnc-mega-men-sport-multi-180-caps","status":"publish","type":"product","link":"https:\/\/farmaciadosul.com\/pt-br\/produto\/gnc-mega-men-sport-multi-180-caps\/","title":{"rendered":"GNC MEGA MEN SPORT MULTI 180 CAPS"},"content":{"rendered":"<p>GNC Mega Men\u00ae Sport tiene m\u00e1s poder antioxidante que nunca y m\u00e1s de 30 ingredientes cl\u00ednicamente estudiados en cada f\u00f3rmula, todo en p\u00edldoras m\u00e1s peque\u00f1as y f\u00e1ciles de tragar.<\/p>\n<div id=\"s-1d1fdb93-149d-45d4-b838-7b80a80d8469\" class=\"shg-c shg-align-center\">\n<div class=\"shogun-heading-component\">\n<p>GNC Mega Men Sport contiene beta-alanina, que es un precursor de la carnosina, una funci\u00f3n muscular clave y un factor de rendimiento. Tambi\u00e9n proporciona amino\u00e1cidos de cadena ramificada (BCAA) y antioxidantes, que ayudan a combatir los radicales libres que se pueden producir durante el ejercicio intenso.<\/p>\n<\/div>\n<\/div>\n<div id=\"s-c43085e4-6263-4d2d-aeff-ad82bf8f9c5b\" class=\"shg-c \">\n<div class=\"shg-rich-text shg-theme-text-content\">\n<div id=\"s-c35b94c6-2b83-478d-afab-3462d80bd99a\" class=\"shg-c \">\n<div class=\"shg-rich-text shg-theme-text-content\">\n<p>Aporta al rendimiento f\u00edsico y soporte de desempe\u00f1o para hombres activos o deportistas.<\/p>\n<h4><strong>Posolog\u00eda<\/strong><\/h4>\n<\/div>\n<ul>\n<li>Dos tabletas al d\u00eda con las comidas.<\/li>\n<\/ul>\n<h4><strong>Advertencia<\/strong><\/h4>\n<ul>\n<li>Este producto no est\u00e1 destinado para diagnosticar, tratar, curar o prevenir ninguna enfermedad, y no suple una alimentaci\u00f3n equilibrada.<\/li>\n<li>Consulte con su m\u00e9dico antes de usar si usted est\u00e1 embarazada, amamantando, tomando cualquier medicaci\u00f3n o tiene alguna condici\u00f3n m\u00e9dica.<\/li>\n<li>Mantener a temperatura ambiente controlada (15 \u2013 30) \u02daC, en un lugar seco.<\/li>\n<li>Mantener fuera del alcance de los ni\u00f1os.<\/li>\n<\/ul>\n<\/div>\n<\/div>\n<\/div>\n","protected":false},"excerpt":{"rendered":"<p>GNC Mega Men\u00ae Sport tiene m\u00e1s poder antioxidante que nunca y m\u00e1s de 30 ingredientes cl\u00ednicamente estudiados en cada f\u00f3rmula,<\/p>\n","protected":false},"featured_media":6538,"template":"","meta":[],"product_brand":[142],"product_cat":[148],"product_tag":[],"class_list":{"0":"post-4767","1":"product","2":"type-product","3":"status-publish","4":"has-post-thumbnail","6":"product_brand-gnc","7":"product_cat-suplementos","9":"first","10":"instock","11":"shipping-taxable","12":"purchasable","13":"product-type-simple"},"_links":{"self":[{"href":"https:\/\/farmaciadosul.com\/pt-br\/wp-json\/wp\/v2\/product\/4767","targetHints":{"allow":["GET"]}}],"collection":[{"href":"https:\/\/farmaciadosul.com\/pt-br\/wp-json\/wp\/v2\/product"}],"about":[{"href":"https:\/\/farmaciadosul.com\/pt-br\/wp-json\/wp\/v2\/types\/product"}],"version-history":[{"count":2,"href":"https:\/\/farmaciadosul.com\/pt-br\/wp-json\/wp\/v2\/product\/4767\/revisions"}],"predecessor-version":[{"id":6540,"href":"https:\/\/farmaciadosul.com\/pt-br\/wp-json\/wp\/v2\/product\/4767\/revisions\/6540"}],"wp:featuredmedia":[{"embeddable":true,"href":"https:\/\/farmaciadosul.com\/pt-br\/wp-json\/wp\/v2\/media\/6538"}],"wp:attachment":[{"href":"https:\/\/farmaciadosul.com\/pt-br\/wp-json\/wp\/v2\/media?parent=4767"}],"wp:term":[{"taxonomy":"product_brand","embeddable":true,"href":"https:\/\/farmaciadosul.com\/pt-br\/wp-json\/wp\/v2\/product_brand?post=4767"},{"taxonomy":"product_cat","embeddable":true,"href":"https:\/\/farmaciadosul.com\/pt-br\/wp-json\/wp\/v2\/product_cat?post=4767"},{"taxonomy":"product_tag","embeddable":true,"href":"https:\/\/farmaciadosul.com\/pt-br\/wp-json\/wp\/v2\/product_tag?post=4767"}],"curies":[{"name":"wp","href":"https:\/\/api.w.org\/{rel}","templated":true}]}}