{"id":4790,"date":"2026-01-30T20:00:33","date_gmt":"2026-01-30T20:00:33","guid":{"rendered":"https:\/\/farmaciadosul.com\/?post_type=product&#038;p=4790"},"modified":"2026-04-14T14:08:01","modified_gmt":"2026-04-14T14:08:01","slug":"tirzec-10-ampolla-10mg-x-05ml","status":"publish","type":"product","link":"https:\/\/farmaciadosul.com\/pt-br\/produto\/tirzec-10-ampolla-10mg-x-05ml\/","title":{"rendered":"TIRZEC 10 AMPOLLA 10MG X 0,5ML"},"content":{"rendered":"<p>Tirzec 10 es una soluci\u00f3n inyectable que contiene tirzepatida, un agonista dual de los receptores GIP y GLP-1, indicado para el tratamiento de adultos con diabetes mellitus tipo 2 no controlada y para el control de peso en pacientes con obesidad o sobrepeso con comorbilidades.<\/p>\n<p>Beneficios del Producto:<br \/>\nDisminuye glucosa en sangre en ayunas y postprandial<br \/>\nReduce peso corporal y masa grasa<br \/>\nMejora la secreci\u00f3n de insulina y la sensibilidad a la misma<br \/>\nPosolog\u00eda semanal<br \/>\nAyuda al control del apetito y regula el metabolismo energ\u00e9tico<br \/>\nAdministraci\u00f3n sencilla por v\u00eda subcut\u00e1nea.<\/p>\n","protected":false},"excerpt":{"rendered":"<p>Tirzec 10 es una soluci\u00f3n inyectable que contiene tirzepatida, un agonista dual de los receptores GIP y GLP-1, indicado para<\/p>\n","protected":false},"featured_media":6519,"template":"","meta":[],"product_brand":[116],"product_cat":[112],"product_tag":[],"class_list":{"0":"post-4790","1":"product","2":"type-product","3":"status-publish","4":"has-post-thumbnail","6":"product_brand-quimfa","7":"product_cat-medicamentos-para-perdida-de-peso","9":"first","10":"outofstock","11":"sale","12":"shipping-taxable","13":"purchasable","14":"product-type-simple"},"_links":{"self":[{"href":"https:\/\/farmaciadosul.com\/pt-br\/wp-json\/wp\/v2\/product\/4790","targetHints":{"allow":["GET"]}}],"collection":[{"href":"https:\/\/farmaciadosul.com\/pt-br\/wp-json\/wp\/v2\/product"}],"about":[{"href":"https:\/\/farmaciadosul.com\/pt-br\/wp-json\/wp\/v2\/types\/product"}],"version-history":[{"count":2,"href":"https:\/\/farmaciadosul.com\/pt-br\/wp-json\/wp\/v2\/product\/4790\/revisions"}],"predecessor-version":[{"id":6521,"href":"https:\/\/farmaciadosul.com\/pt-br\/wp-json\/wp\/v2\/product\/4790\/revisions\/6521"}],"wp:featuredmedia":[{"embeddable":true,"href":"https:\/\/farmaciadosul.com\/pt-br\/wp-json\/wp\/v2\/media\/6519"}],"wp:attachment":[{"href":"https:\/\/farmaciadosul.com\/pt-br\/wp-json\/wp\/v2\/media?parent=4790"}],"wp:term":[{"taxonomy":"product_brand","embeddable":true,"href":"https:\/\/farmaciadosul.com\/pt-br\/wp-json\/wp\/v2\/product_brand?post=4790"},{"taxonomy":"product_cat","embeddable":true,"href":"https:\/\/farmaciadosul.com\/pt-br\/wp-json\/wp\/v2\/product_cat?post=4790"},{"taxonomy":"product_tag","embeddable":true,"href":"https:\/\/farmaciadosul.com\/pt-br\/wp-json\/wp\/v2\/product_tag?post=4790"}],"curies":[{"name":"wp","href":"https:\/\/api.w.org\/{rel}","templated":true}]}}