{"id":5056,"date":"2026-01-30T20:03:52","date_gmt":"2026-01-30T20:03:52","guid":{"rendered":"https:\/\/farmaciadosul.com\/?post_type=product&#038;p=5056"},"modified":"2026-02-18T17:47:31","modified_gmt":"2026-02-18T17:47:31","slug":"oxitoland","status":"publish","type":"product","link":"https:\/\/farmaciadosul.com\/pt-br\/produto\/oxitoland\/","title":{"rendered":"OXITOLAND"},"content":{"rendered":"<div class=\"col-md-8\">\n<div class=\"body\">\n<p><strong>Oximetolona<\/strong><\/p>\n<p>Comprimido V\u00eda Oral<\/p>\n<p><strong>Formula:<\/strong><\/p>\n<p>Cada comprimido contiene:<\/p>\n<p>Oximetolona\u2026\u2026\u2026\u2026\u2026\u2026\u2026\u2026\u2026\u2026\u2026\u2026\u2026\u2026\u2026\u2026\u2026\u2026\u2026\u2026\u2026\u2026\u2026\u2026\u2026\u2026\u2026\u2026\u2026\u2026\u2026\u2026\u2026\u2026\u2026\u2026\u2026\u2026\u202650 mg.<\/p>\n<p>Excipientes c.s.p. \u2026\u2026\u2026\u2026\u2026\u2026\u2026\u2026\u2026\u2026\u2026\u2026\u2026\u2026\u2026\u2026\u2026\u2026\u2026\u2026\u2026\u2026\u2026\u2026\u2026\u2026\u2026\u2026\u2026\u2026\u2026\u2026\u2026comprimido.<\/p>\n<p><strong>Propiedades:<\/strong><\/p>\n<p>El Oxitoland contiene oximetolona, potente droga anabolizante androg\u00e9nica. Est\u00e1 indicada en el tratamiento de anemias causadas por la deficiente producci\u00f3n de gl\u00f3bulos rojos. La oximetolona, acent\u00faa la producci\u00f3n de eritropoyetina en pacientes con anemia debido a la deficiencia de la m\u00e9dula \u00f3sea y muchas veces, estimula la eritropoyesis en la anemia debida a la deficiencia de producci\u00f3n de eritrocitos.<\/p>\n<p><strong>Indicaciones:<\/strong><\/p>\n<p>La Oximetolona (50 mg.) est\u00e1 indicada en el tratamiento de las anemias causadas por la producci\u00f3n deficiente de eritrocitos. La anemia apl\u00e1sica adquirida, la anemia apl\u00e1sica cong\u00e9nita, la mielofibrosis y las anemias debidas a la administraci\u00f3n de sustancias mielt\u00f3xicas, muchas veces responden al tratamiento. La administraci\u00f3n de oximetolona (50 mg.) no debe excluir otras medidas de soporte, tales como: transfusiones de sangre, correcci\u00f3n de hierro, de \u00e1cido f\u00f3lico, de vitamina B12 y de Piridoxina, terapia antibacteriana y el uso apropiado de corticosteroides.<\/p>\n<p><strong>Contraindicaciones:<\/strong><\/p>\n<p>Antes de aplicar la terapia, el m\u00e9dico debe analizar los riesgos que se corren frente a las necesidades del paciente. Los agentes anabolizantes est\u00e1n generalmente contraindicados en las siguientes situaciones:<\/p>\n<ol>\n<li>Carcinoma de pr\u00f3stata o de mama en pacientes de sexo masculino.<\/li>\n<li>Carcinoma de mama en pacientes del sexo femenino con hipercalcemia; los esteroides anab\u00f3licos androg\u00e9nicos pueden estimular la reabsorci\u00f3n osteol\u00edtica de los huesos.<\/li>\n<li>Embarazo: la oximetolona puede ser nociva para el feto. Si la paciente queda embarazada durante el uso del medicamento, ella debe ser informada del peligro potencial para el feto.<\/li>\n<li>Nefrosis.<\/li>\n<li>Hipersensibilidad a la droga.<\/li>\n<li>nsuficiencia hep\u00e1tica severa.<\/li>\n<li>Lactancia: no se sabe si los esteroides anab\u00f3licos son excretados por la leche materna. Debido al riesgo potencial de reacciones adversas en lactantes con leche materna que contiene esteroides anabolizantes, la mujer que ingiere oximetolona no debe amamantar.<\/li>\n<\/ol>\n<p><strong>Precauciones y Advertencias:<\/strong><\/p>\n<ol>\n<li>Hepatoxicidad: la ictericia es com\u00fan a la dosis prescripta. La ictericia cl\u00ednica puede ser indolora. Tambi\u00e9n puede estar asociada a un aumento hep\u00e1tico agudo y dolor en el cuadrante superior derecho, lo que puede llevar a la suposici\u00f3n enga\u00f1osa de una obstrucci\u00f3n aguda del conducto biliar (requiriendo cirug\u00eda). La ictericia inducida por la droga es usualmente reversible cuando la medicaci\u00f3n es descontinuada. La terapia continua puede estar asociada al coma hep\u00e1tico y a la muerte. Debido a la hepatoxicidad asociada a la administraci\u00f3n de la oximetolona, son recomendables an\u00e1lisis peri\u00f3dicos de la funci\u00f3n hep\u00e1tica. El carcinoma hepatocelular y la peliosis hepatis (una rara condici\u00f3n de etiolog\u00eda mal definida), han sido observados en pacientes con anemia apl\u00e1sica cong\u00e9nita y adquirida, tratados con oximetolona y otros andr\u00f3genos por periodos prolongados. En algunos casos, al suspender el uso de la droga, se ha observado la regresi\u00f3n de las lesiones hep\u00e1ticas.<\/li>\n<li>Virilizaci\u00f3n: puede ocurrir virilizaci\u00f3n en la mujer. La amenorrea usualmente aparecer en la mujer adulta, a\u00fan en presencia de trombocitopenia. No se recomienda la administraci\u00f3n concomitante en grandes dosis en agentes progest\u00e1genos para el control de la amenorrea.<\/li>\n<li>Deficiencia de hierro: el desarrollo de la anemia manifestada por el bajo nivel de hierro s\u00e9rico, y una poercentual disminuci\u00f3n de la saturaci\u00f3n de la transferrina ha sido observada en pacientes tratados con oximetolona. Es recomendable la peri\u00f3dica determinaci\u00f3n del hierro s\u00e9rico y de la capacidad de conjugaci\u00f3n f\u00e9rrica. Si se constata la deficiencia f\u00e9rrica, la misma debe ser tratada adecuadamente con suplemento f\u00e9rrico.<\/li>\n<li>Ha sido observada leucemia en pacientes con anemia apl\u00e1sica tratados con oximetolona. La responsabilidad de la oximetolona, a\u00fan no est\u00e1 clara, porque la transformaci\u00f3n maligna ha sido observada en discracias sangu\u00edneas y leucemias ha sido observadas en pacientes con anemia apl\u00e1sica no tratadas con oximetolona.<\/li>\n<li>Es necesario administrar con cautela este medicamente a pacientes con molestias card\u00edacas, renales o hep\u00e1ticas. Edema, con o sin insuficiencia card\u00edaca congestiva, puede ocurrir ocasionalmente. La administraci\u00f3n concomitante con los corticoides o ACTM puede contribuir para el edema: esto generalmente es controlable, con terapias diur\u00e9ticas y\/o digit\u00e1licas apropiadas.<\/li>\n<li>Puede desarrollarse hipercalcemia, tanto espont\u00e1neamente como por resultado de la terapia hormonal, en mujeres con carcinomas diseminado en mamas debido a la esfimulaci\u00f3n de la osteolisis. Si esto ocurre durante el uso del medicamento, debe suspenderse el uso.<\/li>\n<li>Los esterorides anab\u00f3licos pueden aumentar la sensibilidad a los anticuagulantes. Puede ser necesario disminuir la dosis de anticoagulantes a fin de mantener la protrombina en el nivel deseable.<\/li>\n<li>Se ha observado que los esteroides anabolizantes alteran los test de tolerancia a la glucosa. Los diab\u00e9ticos deben ser cuidadosamente observados y la insulina o la dosis de hipoglucemiantes orales deben ser ajustadas.<\/li>\n<li>Los esteroides anabolizantes deben ser usados con cautela en pacientes con hipertrofia prost\u00e1tica benigna. En los pacientes geri\u00e1tricos del sexo masculino tratados con esteroides anabolizantes androg\u00e9nicos se pueden aumentar el riesgo de desarrollo de hipertrofia de pr\u00f3stata y carcinoma prost\u00e1tico.<\/li>\n<li>Alteraciones de l\u00edpidos en sangre, que como se sabe, est\u00e1n asociados al aumento de riesgo de arterioesclerosis, han sido observadas en pacientes tratados con andr\u00f3genos esteroides anabolizantes. Estas alteraciones incluyen el decrecimiento de la lipoprote\u00edna de alta densidad y algunas veces el aumento de la lipoprote\u00edna de baja densidad. Las alteraciones pueden ser acentuadas y tener un serio impacto en el riesgo de la arterioesclerosis y la dolencia arterial coronaria.<\/li>\n<li>Los esteroides anab\u00f3licos\/androg\u00e9nicos deben ser usados con mucha cautela en ni\u00f1os. Los agentes anab\u00f3licos pueden acelerar la maduraci\u00f3n epifisiaria y m\u00e1s r\u00e1pidamente que el crecimiento lineal en ni\u00f1os y el efecto puede persistir por 6 meses despu\u00e9s de suspender la medicaci\u00f3n. Por lo tanto la terapia debe ser monitoreada por estudios radiogr\u00e1ficos a intervalos de 6 meses, a fin de evitar el riesgo de comprometer la estatura del adulto.<\/li>\n<li>Debido a los graves efectos colaterales, los esteroides anabolizantes no deben ser utilizados para estimular las condiciones atl\u00e9ticas.<\/li>\n<\/ol>\n<p><strong>Reacciones Adversas: <\/strong><\/p>\n<ol>\n<li>Hepatotoxicidad es una de las reacciones adversas m\u00e1s asociada a la terapia con esteroides anabolizantes. El aumento reversible en la retenci\u00f3n de la bromosulfale\u00edna puede ocurrir precozmente y parece estar directamente relacionada con las dosis. Un aumento de la bilirrubina s\u00e9rica, con o sin aumento de la fosfatasa alcalina transaminasa (TGO y TGP ), indican un mayor grado de disfunci\u00f3n excretora. El cuadro histol\u00f3gico es el de una colestasis intrahep\u00e1tica, con poca o ninguna lesi\u00f3n celular.<\/li>\n<li>La virilizaci\u00f3n es el efecto indeseable m\u00e1s com\u00fan asociado al uso de esteroides anabolizantes. Puede aparecer acn\u00e9 frecuentemente. En j\u00f3venes pre- p\u00faberes son el alargamiento del pene y aumento de erecciones, hirsutismo y aumento de la pigmentaci\u00f3n de la piel tambi\u00e9n puede ocurrir. En j\u00f3venes post p\u00faberes del sexo masculino, se inhibe la funci\u00f3n testicular con oligospermia, se disminuye el volumen seminal, se altera la libido y hay impotencia. Puede ocurrir atrofia testicular. Priapismo cr\u00f3nico, patrones masculinos de p\u00e9rdida de pelo, epididimitis e irritabilidad de la vejiga han sido notificados. En las mujeres puede aparecer hirsutismo, engrosamiento de la voz, aumento del cl\u00edtoris (que puede ser irreversible a\u00fan despu\u00e9s de suspender la medicaci\u00f3n), alteraci\u00f3n de la libido e irregularidades menstruales. El uso de estr\u00f3genos en combinaci\u00f3n con andr\u00f3genos no previenen la virilizaci\u00f3n en las mujeres.<\/li>\n<li>Otras reacciones adversas asociadas a la terapia anab\u00f3lica androg\u00e9nica incluyen: n\u00e1useas, excitaci\u00f3n, insomnio, escalofr\u00edos, cierre prematuro de la ep\u00edfisis en ni\u00f1os, v\u00f3mitos y diarreas.<\/li>\n<li>Se presentan alteraciones en el test de la funci\u00f3n tiroidea: un decrecimiento del PBI, en la capacidad de conjugaci\u00f3n de la tiroxina para fijar el yodo radiactivo y puede ocurrir un aumento de la fijaci\u00f3n del T3 por los eritrocitos. La tiroxina libre es normal. Las alteraciones en el test persisten generalmente, por dos o tres semanas despu\u00e9s de interrumpir la medicaci\u00f3n. Tambi\u00e9n se reduce la excreci\u00f3n de los 17-cetoesteroides.<\/li>\n<\/ol>\n<p><strong>Posolog\u00eda:<\/strong><\/p>\n<p>La dosis recomendada en ni\u00f1os y adultos es de 1 a 5 mg.\/Kg. De peso corporal por d\u00eda. La dosis usualmente eficaz es de 1 a 2 mg.\/Kg.\/d\u00eda, pero dosis m\u00e1s altas pueden ser necesarias y la dosificaci\u00f3n debe ser individualizada. La respuesta no siempre es inmediata y una prueba terap\u00e9utica m\u00ednima debe ser realizada de 3 a 6 meses. Despu\u00e9s de la remisi\u00f3n, los pacientes pueden ser mantenidos sin el uso de la droga y otros ser mantenidos en dosis diarias m\u00e1s bajas, una terapia continua es generalmente necesaria para pacientes con anemia apl\u00e1sica cong\u00e9nita.<\/p>\n<p><strong>Restricciones de Uso:<\/strong><\/p>\n<p>Hipersensibilidad a la droga. Pacientes con anemia apl\u00e1sica. Embarazo. Lactancia. Insuficiencia hep\u00e1tica.<\/p>\n<p><strong>Sobredosis:<\/strong><\/p>\n<p>La toxicidad aguda en animales es muy baja y en humanos no hay informes de sobredosificaci\u00f3n, pero ante cualquier s\u00edntoma suspender la medicaci\u00f3n y recurrir al Centro de Emergencias M\u00e9dicas. (Dr. Luis Mar\u00eda Arga\u00f1a, secci\u00f3n toxicolog\u00eda \u2013 Gral. Santos y Teodoro S. Mongelos- Tel: 220 418<\/p>\n<p><strong>Presentaci\u00f3n:<\/strong><\/p>\n<p>Caja conteniendo 20 Comprimidos.<\/p>\n<p>Mantener a una temperatura inferior a 25\u00b0C en un lugar seco y fuera del alcance de los ni\u00f1os.<\/p>\n<p>Venta bajo receta.<\/p>\n<p>Industria Paraguaya.<\/p>\n<\/div>\n<\/div>\n","protected":false},"excerpt":{"rendered":"<p>Oximetolona Comprimido V\u00eda Oral Formula: Cada comprimido contiene: Oximetolona\u2026\u2026\u2026\u2026\u2026\u2026\u2026\u2026\u2026\u2026\u2026\u2026\u2026\u2026\u2026\u2026\u2026\u2026\u2026\u2026\u2026\u2026\u2026\u2026\u2026\u2026\u2026\u2026\u2026\u2026\u2026\u2026\u2026\u2026\u2026\u2026\u2026\u2026\u202650 mg. Excipientes c.s.p. \u2026\u2026\u2026\u2026\u2026\u2026\u2026\u2026\u2026\u2026\u2026\u2026\u2026\u2026\u2026\u2026\u2026\u2026\u2026\u2026\u2026\u2026\u2026\u2026\u2026\u2026\u2026\u2026\u2026\u2026\u2026\u2026\u2026comprimido. Propiedades: El Oxitoland contiene oximetolona, potente droga<\/p>\n","protected":false},"featured_media":6511,"template":"","meta":[],"product_brand":[138],"product_cat":[147],"product_tag":[],"class_list":{"0":"post-5056","1":"product","2":"type-product","3":"status-publish","4":"has-post-thumbnail","6":"product_brand-landerlan","7":"product_cat-anabolizantes","9":"first","10":"instock","11":"shipping-taxable","12":"purchasable","13":"product-type-simple"},"_links":{"self":[{"href":"https:\/\/farmaciadosul.com\/pt-br\/wp-json\/wp\/v2\/product\/5056","targetHints":{"allow":["GET"]}}],"collection":[{"href":"https:\/\/farmaciadosul.com\/pt-br\/wp-json\/wp\/v2\/product"}],"about":[{"href":"https:\/\/farmaciadosul.com\/pt-br\/wp-json\/wp\/v2\/types\/product"}],"version-history":[{"count":2,"href":"https:\/\/farmaciadosul.com\/pt-br\/wp-json\/wp\/v2\/product\/5056\/revisions"}],"predecessor-version":[{"id":6513,"href":"https:\/\/farmaciadosul.com\/pt-br\/wp-json\/wp\/v2\/product\/5056\/revisions\/6513"}],"wp:featuredmedia":[{"embeddable":true,"href":"https:\/\/farmaciadosul.com\/pt-br\/wp-json\/wp\/v2\/media\/6511"}],"wp:attachment":[{"href":"https:\/\/farmaciadosul.com\/pt-br\/wp-json\/wp\/v2\/media?parent=5056"}],"wp:term":[{"taxonomy":"product_brand","embeddable":true,"href":"https:\/\/farmaciadosul.com\/pt-br\/wp-json\/wp\/v2\/product_brand?post=5056"},{"taxonomy":"product_cat","embeddable":true,"href":"https:\/\/farmaciadosul.com\/pt-br\/wp-json\/wp\/v2\/product_cat?post=5056"},{"taxonomy":"product_tag","embeddable":true,"href":"https:\/\/farmaciadosul.com\/pt-br\/wp-json\/wp\/v2\/product_tag?post=5056"}],"curies":[{"name":"wp","href":"https:\/\/api.w.org\/{rel}","templated":true}]}}