{"id":5059,"date":"2026-01-30T20:03:53","date_gmt":"2026-01-30T20:03:53","guid":{"rendered":"https:\/\/farmaciadosul.com\/?post_type=product&#038;p=5059"},"modified":"2026-02-22T22:55:08","modified_gmt":"2026-02-22T22:55:08","slug":"durateston-250mg","status":"publish","type":"product","link":"https:\/\/farmaciadosul.com\/pt-br\/produto\/durateston-250mg\/","title":{"rendered":"DURATESTON 250MG"},"content":{"rendered":"<div class=\"col-md-8\">\n<div class=\"body\">\n<p><strong>Sales de Testosterona 250 mg.<\/strong><\/p>\n<p>Soluci\u00f3n inyectable- Uso Adulto<\/p>\n<p>V\u00eda: I.M. Profunda<\/p>\n<p><strong>F\u00f3rmula:<\/strong><\/p>\n<p>Cada ampolla de 1 ml contiene:<\/p>\n<p>Propionato Testosterona\u2026\u2026\u2026\u2026\u2026\u2026\u2026\u2026\u2026\u2026\u2026\u2026\u2026\u2026\u2026\u2026\u2026\u2026\u2026\u2026\u2026\u2026\u2026\u2026\u2026\u2026\u2026\u2026\u2026\u2026\u2026\u2026\u2026\u2026 30 mg<\/p>\n<p>Fenilpropionato de Testosterona\u2026\u2026\u2026\u2026\u2026\u2026\u2026\u2026\u2026\u2026\u2026\u2026\u2026\u2026\u2026\u2026\u2026\u2026\u2026\u2026\u2026\u2026\u2026\u2026\u2026\u2026\u2026\u2026\u2026\u2026 60 mg<\/p>\n<p>Isocaproato de Testosterona\u2026\u2026\u2026\u2026\u2026\u2026\u2026\u2026\u2026\u2026\u2026\u2026\u2026\u2026\u2026\u2026\u2026\u2026\u2026\u2026\u2026\u2026\u2026\u2026\u2026\u2026\u2026\u2026\u2026\u2026\u2026\u2026 60 mg<\/p>\n<p>Decanoato de Testosterona\u2026\u2026\u2026\u2026\u2026\u2026\u2026\u2026\u2026\u2026\u2026\u2026\u2026\u2026\u2026\u2026\u2026\u2026\u2026\u2026\u2026\u2026\u2026\u2026\u2026\u2026\u2026\u2026\u2026\u2026\u2026\u2026 100 mg<\/p>\n<p>Excpientes c.s.p\u2026\u2026\u2026\u2026\u2026\u2026\u2026\u2026\u2026\u2026\u2026\u2026\u2026\u2026\u2026\u2026\u2026\u2026\u2026\u2026\u2026\u2026\u2026\u2026\u2026\u2026\u2026\u2026\u2026\u2026\u2026\u2026\u2026\u2026\u2026\u2026\u2026\u2026\u2026 1mg<\/p>\n<p><strong>Indicaciones Terap\u00e9uticas:<\/strong><\/p>\n<p>Est\u00e1 indicado en terapia de reposici\u00f3n de testosterona; en disturbios hipogonadales como: eunucoidismo, hipupituitarismo, impotencia endocrina, s\u00edntomas de climaterio masculino como disminuci\u00f3n de la libido y decaimiento de la actividad mental y f\u00edsica, ciertos tipos de infertilidad originadas por disturbios de espermatog\u00e9nesis.<\/p>\n<p>La terapia con testosterona puede ser indicada en osteoporosis de origen deficitario de andr\u00f3genos.<\/p>\n<p>Pubertad retardada: Cuando hay patr\u00f3n familiar de pubertad tard\u00eda, no secundaria a un desorden patol\u00f3gico, en pacientes que no respondieron a la terapia psicol\u00f3gica de soporte.<\/p>\n<p>Hipogonadismo primario cong\u00e9nito o adquirido: cuando hay insuficiencia testicular debido al criptorquedismo, torsi\u00f3n bilateral, s\u00edndrome de ausencia testicular u orquidoctom\u00eda.<\/p>\n<p>Carcinoma de mamas: Como tratamiento paliativo secundario del c\u00e1ncer met\u00e1stico del seno en mujeres con tumores hormonas \u2013 receptivos o que hayan demostrado previa respuesta a la terapia hormonal.<\/p>\n<p>Tratamiento del Microfalo: Tambi\u00e9n denominado micropene, enfermedad en la cual el ni\u00f1o nace con pene anormalmente peque\u00f1o.<\/p>\n<p><strong>Mecanismo de Acci\u00f3n:<\/strong><\/p>\n<p>En muchos sitios de acci\u00f3n la testosterona no es la forma activa de la hormona, se convierte por medio del esteroide 5- reductasa en la dihidrotestosterona que es m\u00e1s activa. La dihidrotestosterona se une a una prote\u00edna recpetora intracelular y este complejo se halla fijo en el n\u00facleo, a elementos reguladores de hormonas espec\u00edficas sobre los cromosomas y act\u00faa para incrementar la s\u00edntesis de RNA y prote\u00ednas espec\u00edficas.<\/p>\n<p>Los andr\u00f3genos son los responsables de la estimulaci\u00f3n de la espermatog\u00e9nesis, el desarrollo de los caracteres sexuales, y la maduraci\u00f3n de la estimulaci\u00f3n sexual en la pubertad.<\/p>\n<p><strong>Posolog\u00eda y modo de uso:<\/strong><\/p>\n<p>Una inyecci\u00f3n de 1 ml cada 3 semanas es lo recomendado, pero es preferible que el m\u00e9dico adecue la dosis a la respuesta individual del paciente.<\/p>\n<p><strong>Contraindiciaciones y Restricciones del uso: <\/strong><\/p>\n<p>En caso de padecer alguna de las siguientes enfermedades: tumores de mama en hombres, tumor de pr\u00f3stata, niveles de calcio en sangre elevados, enfermedades del h\u00edgado grave o enfermedades del ri\u00f1\u00f3n grave. Este medicamento no debe administrarse a mujeres embarazadas por producir en un elevado porcentaje alteraciones en el feto.<\/p>\n<p><strong>Reacciones adversas y efectos colaterales:<\/strong><\/p>\n<p>En menores pre-p\u00faberes: desarrollo sexual precoz, aumento en la frecuencia de erecci\u00f3n, aumento o fallo en la soladura de la ep\u00edfisis de los huesos, desarrollo excesivo de las gl\u00e1ndulas mamarias y retraso en el crecimiento.<\/p>\n<p>Oligospermia o disminuci\u00f3n del volumen eyaculatorio.<\/p>\n<p>Retenci\u00f3n de agua y sal.<\/p>\n<p>Priapismo o se\u00f1ales de estimulaci\u00f3n sexual excesiva.<\/p>\n<p>Cuando se emplea en mujeres a dosis altas el uso de testosterona, puede provocar masculinizaci\u00f3n con signos como crecimiento del vello y voz ronca que generalmente desaparece cuando se suspende el tratamiento.<\/p>\n<p><strong>Precauciones y Advertencias:<\/strong><\/p>\n<p>Pacientes portadores de insuficiencia card\u00edaca latente o manifiesta, disfunci\u00f3n renal, hipertensi\u00f3n, epilepsia deben ser monitoreados debido a que los andr\u00f3genos pueden inducir la retenci\u00f3n de agua y sales. Este medicamento no debe administrase en ni\u00f1os, ya que puede provocar un retraso en el crecimiento y aparici\u00f3n de los signos de pubertad antes de tiempo.<\/p>\n<p>La administraci\u00f3n de este medicamento a pacientes ancianos puede aumentar el tama\u00f1o de la pr\u00f3stata.<\/p>\n<p>En caso de administrar este medicamento a mujeres con tumor de mama, se debe suspender el tratamiento si se produce una elevaci\u00f3n importante de los niveles del calcio en sangre.<\/p>\n<p>Debe administrarse con especial precauci\u00f3n en caso de padecer alguna de las siguientes enfermedades: diabetes, hinchaz\u00f3n de cara, manos, piernas o pies, enfermedad del h\u00edgado moderada, aumento del tama\u00f1o de la pr\u00f3stata.<\/p>\n<p><strong>Interacciones:<\/strong><\/p>\n<p>Es importante informal al m\u00e9dico tratante de todos los medicamentos que el paciente est\u00e1 consumiendo debido a que puede interaccionar con algunos medicamentos, como lo son:<\/p>\n<p>Anticoagulantes: El efecto anticoagulante puede ser incrementado a causa de la disminuci\u00f3n del factor procoagulante, causada por la disminuci\u00f3n de la s\u00edntesis de este.<\/p>\n<p>Agentes antidiab\u00e9ticos (insulina): Los andr\u00f3genos pueden disminuir la concentraci\u00f3n de glucosa en sangre.<\/p>\n<p>Tambi\u00e9n puede interaccionar con: amiodarona, antibi\u00f3ticos, hormonas femeninas, anticonceptivos orales, fenito\u00edna o \u00e1cido valproico.<\/p>\n<p><strong>Sobredosis: <\/strong><\/p>\n<p>En caso de presentarse efectos adversos proceder a la suspensi\u00f3n del uso del medicamento y consultar con el m\u00e9dico o el farmac\u00e9utico inmediatamente.<\/p>\n<p><strong>Recomendaci\u00f3n: <\/strong><\/p>\n<p>La soluci\u00f3n inyectable debe ser administrada por inyecci\u00f3n intramuscular profunda debido a su veh\u00edculo oleoso. No administrar intravenosamente. Conservar a temperatura entre 15- 30 \u00b0C, no congelar, agitar antes de usar. Cualquier efecto adverso presentado luego del uso del producto, presentarlo por escrito a la Direcci\u00f3n Nacional de Vigilancia Sanitaria DINAVISA (Brasil 783 y Fulgencio R. Moreno).<\/p>\n<p><strong>Presentaci\u00f3n<\/strong><\/p>\n<p>Caja conteniendo 1 ampolla de 1 ml.<\/p>\n<p>Mantener a una tempreratura inferior a 25\u00b0C en lugar seco y fuera del alcance de los ni\u00f1os.<\/p>\n<p>Venta bajo Receta.<\/p>\n<p>Industria Paraguaya.<\/p>\n<\/div>\n<\/div>\n","protected":false},"excerpt":{"rendered":"<p>Sales de Testosterona 250 mg. Soluci\u00f3n inyectable- Uso Adulto V\u00eda: I.M. Profunda F\u00f3rmula: Cada ampolla de 1 ml contiene: Propionato<\/p>\n","protected":false},"featured_media":6491,"template":"","meta":[],"product_brand":[138],"product_cat":[147],"product_tag":[],"class_list":{"0":"post-5059","1":"product","2":"type-product","3":"status-publish","4":"has-post-thumbnail","6":"product_brand-landerlan","7":"product_cat-anabolizantes","9":"first","10":"instock","11":"shipping-taxable","12":"purchasable","13":"product-type-simple"},"_links":{"self":[{"href":"https:\/\/farmaciadosul.com\/pt-br\/wp-json\/wp\/v2\/product\/5059","targetHints":{"allow":["GET"]}}],"collection":[{"href":"https:\/\/farmaciadosul.com\/pt-br\/wp-json\/wp\/v2\/product"}],"about":[{"href":"https:\/\/farmaciadosul.com\/pt-br\/wp-json\/wp\/v2\/types\/product"}],"version-history":[{"count":2,"href":"https:\/\/farmaciadosul.com\/pt-br\/wp-json\/wp\/v2\/product\/5059\/revisions"}],"predecessor-version":[{"id":6493,"href":"https:\/\/farmaciadosul.com\/pt-br\/wp-json\/wp\/v2\/product\/5059\/revisions\/6493"}],"wp:featuredmedia":[{"embeddable":true,"href":"https:\/\/farmaciadosul.com\/pt-br\/wp-json\/wp\/v2\/media\/6491"}],"wp:attachment":[{"href":"https:\/\/farmaciadosul.com\/pt-br\/wp-json\/wp\/v2\/media?parent=5059"}],"wp:term":[{"taxonomy":"product_brand","embeddable":true,"href":"https:\/\/farmaciadosul.com\/pt-br\/wp-json\/wp\/v2\/product_brand?post=5059"},{"taxonomy":"product_cat","embeddable":true,"href":"https:\/\/farmaciadosul.com\/pt-br\/wp-json\/wp\/v2\/product_cat?post=5059"},{"taxonomy":"product_tag","embeddable":true,"href":"https:\/\/farmaciadosul.com\/pt-br\/wp-json\/wp\/v2\/product_tag?post=5059"}],"curies":[{"name":"wp","href":"https:\/\/api.w.org\/{rel}","templated":true}]}}