{"id":5060,"date":"2026-01-30T20:03:54","date_gmt":"2026-01-30T20:03:54","guid":{"rendered":"https:\/\/farmaciadosul.com\/?post_type=product&#038;p=5060"},"modified":"2026-02-28T15:56:50","modified_gmt":"2026-02-28T15:56:50","slug":"decalan-depot-gold","status":"publish","type":"product","link":"https:\/\/farmaciadosul.com\/pt-br\/produto\/decalan-depot-gold\/","title":{"rendered":"DECALAN DEPOT GOLD"},"content":{"rendered":"<h2>Decaland Depot 200mg 10ml<\/h2>\n<p>Decaland Depot 200mg 10ml, es una inyecci\u00f3n anab\u00f3lica con nandrolona como compuesto activo, ofrece una duraci\u00f3n de acci\u00f3n de aproximadamente 3 semanas. Destaca por su actividad anab\u00f3lica y baja androgenicidad, respaldada por estudios y pruebas en animales. Beneficia el metabolismo del calcio y fortalece la masa \u00f3sea. Tambi\u00e9n act\u00faa como un conservador de nitr\u00f3geno y favorece el metabolismo proteico. Su liberaci\u00f3n gradual y su vida media corta aseguran una efectividad \u00f3ptima. Decaland Depot carece de efectos adversos hep\u00e1ticos asociados a otros esteroides. Se metaboliza en el h\u00edgado y se han identificado metabolitos en la orina, aunque su acci\u00f3n farmacol\u00f3gica no est\u00e1 clara.<\/p>\n<p>Indicaciones Terap\u00e9uticas:<\/p>\n<ul>\n<li>Promotor del crecimiento de prote\u00ednas.<\/li>\n<li>Tratamiento de la osteoporosis.<\/li>\n<li>Terapia paliativa en casos selectos de carcinoma mamario metast\u00e1sico en mujeres.<\/li>\n<li>Complemento en tratamientos espec\u00edficos y enfoques diet\u00e9ticos en condiciones patol\u00f3gicas con balance de nitr\u00f3geno negativo.<\/li>\n<\/ul>\n<p>Nota: Se recomienda una dieta cal\u00f3rica rica en vitaminas, minerales y prote\u00ednas para obtener resultados terap\u00e9uticos \u00f3ptimos.<\/p>\n<p>Reacciones Secundarias y Adversas:<\/p>\n<p>La utilizaci\u00f3n de dosis altas, tratamientos prolongados y\/o administraci\u00f3n frecuente puede ocasionar:<\/p>\n<ul>\n<li>Virilizaci\u00f3n en mujeres sensibles, evidenciada por cambios en la voz, aparici\u00f3n de acn\u00e9, exceso de vello corporal y aumento de la libido.<\/li>\n<li>En varones prepuberales, aumento en la frecuencia de erecciones y desarrollo f\u00e1lico.<\/li>\n<li>En ni\u00f1as, incremento de vello p\u00fabico e hipertrofia del cl\u00edtoris.<\/li>\n<li>Posible aparici\u00f3n de ronquera, que puede llevar a cambios irreversibles en la voz.<\/li>\n<li>Amenorrea.<\/li>\n<li>Inhibici\u00f3n de la espermatog\u00e9nesis.<\/li>\n<li>Cierre prematuro de las ep\u00edfisis.<\/li>\n<li>Retenci\u00f3n de l\u00edquidos.<\/li>\n<\/ul>\n","protected":false},"excerpt":{"rendered":"<p>Decaland Depot 200mg 10ml Decaland Depot 200mg 10ml, es una inyecci\u00f3n anab\u00f3lica con nandrolona como compuesto activo, ofrece una duraci\u00f3n<\/p>\n","protected":false},"featured_media":6487,"template":"","meta":[],"product_brand":[138],"product_cat":[147],"product_tag":[],"class_list":{"0":"post-5060","1":"product","2":"type-product","3":"status-publish","4":"has-post-thumbnail","6":"product_brand-landerlan","7":"product_cat-anabolizantes","9":"first","10":"instock","11":"shipping-taxable","12":"purchasable","13":"product-type-simple"},"_links":{"self":[{"href":"https:\/\/farmaciadosul.com\/pt-br\/wp-json\/wp\/v2\/product\/5060","targetHints":{"allow":["GET"]}}],"collection":[{"href":"https:\/\/farmaciadosul.com\/pt-br\/wp-json\/wp\/v2\/product"}],"about":[{"href":"https:\/\/farmaciadosul.com\/pt-br\/wp-json\/wp\/v2\/types\/product"}],"version-history":[{"count":2,"href":"https:\/\/farmaciadosul.com\/pt-br\/wp-json\/wp\/v2\/product\/5060\/revisions"}],"predecessor-version":[{"id":6489,"href":"https:\/\/farmaciadosul.com\/pt-br\/wp-json\/wp\/v2\/product\/5060\/revisions\/6489"}],"wp:featuredmedia":[{"embeddable":true,"href":"https:\/\/farmaciadosul.com\/pt-br\/wp-json\/wp\/v2\/media\/6487"}],"wp:attachment":[{"href":"https:\/\/farmaciadosul.com\/pt-br\/wp-json\/wp\/v2\/media?parent=5060"}],"wp:term":[{"taxonomy":"product_brand","embeddable":true,"href":"https:\/\/farmaciadosul.com\/pt-br\/wp-json\/wp\/v2\/product_brand?post=5060"},{"taxonomy":"product_cat","embeddable":true,"href":"https:\/\/farmaciadosul.com\/pt-br\/wp-json\/wp\/v2\/product_cat?post=5060"},{"taxonomy":"product_tag","embeddable":true,"href":"https:\/\/farmaciadosul.com\/pt-br\/wp-json\/wp\/v2\/product_tag?post=5060"}],"curies":[{"name":"wp","href":"https:\/\/api.w.org\/{rel}","templated":true}]}}