{"id":5062,"date":"2026-01-30T20:03:55","date_gmt":"2026-01-30T20:03:55","guid":{"rendered":"https:\/\/farmaciadosul.com\/?post_type=product&#038;p=5062"},"modified":"2026-02-18T17:47:31","modified_gmt":"2026-02-18T17:47:31","slug":"drostenolona","status":"publish","type":"product","link":"https:\/\/farmaciadosul.com\/pt-br\/produto\/drostenolona\/","title":{"rendered":"DROSTENOLONA"},"content":{"rendered":"<div class=\"col-md-8\">\n<div class=\"body\">\n<p><strong>DROSTENOLAND<\/strong><\/p>\n<p>Metildrostenolona 10 mg<\/p>\n<p><strong>F\u00f3rmula: <\/strong><\/p>\n<p><em>Cada <\/em>comprimido<em> contiene:<\/em><\/p>\n<p>Metildrostenolona..\u2026\u2026\u2026\u2026\u2026\u2026\u2026\u2026\u2026\u2026\u2026\u2026\u2026\u2026\u2026\u2026\u2026\u2026\u2026\u2026\u2026\u2026\u2026\u2026\u2026\u2026\u2026\u2026\u2026\u2026\u2026\u2026 10 mg.<\/p>\n<p>Excipientes\u2026\u2026\u2026\u2026\u2026\u2026\u2026\u2026\u2026\u2026\u2026\u2026\u2026\u2026\u2026\u2026\u2026\u2026\u2026\u2026\u2026\u2026\u2026\u2026\u2026\u2026\u2026\u2026\u2026\u2026\u2026\u2026\u2026\u2026\u2026\u2026\u2026 c.s.<\/p>\n<p><strong>MECANISMO DE ACCI\u00d3N:<\/strong><\/p>\n<p>La metildrostenolona es una hormona sintetizada a partir de la drostanolona y se diferencia de esta por la presencia de un grupo metilo lo cual le confiere actividad v\u00eda administraci\u00f3n oral. La biodisponibilidad oral se estima en 50%. Act\u00faa estimulando la s\u00edntesis proteica, especialmente de enzimas celulares, lo que se realiza por medio de receptores androg\u00e9nicos espec\u00edficos del citoplasma celular lo que genera un aumento en la fuerza muscular. Es un esteroide predominante androg\u00e9nico, se puede utilizar sin correr el riesgo de aumentar sus niveles estr\u00f3genos.<\/p>\n<p><strong>INDICACIONES<\/strong><\/p>\n<p>Hipogonadismo masculino, trastorno hematol\u00f3gico, edema angioneurotico hereditario, carcinoma mamario, osteoporosis y estados catab\u00f3licos.<\/p>\n<p><strong>POSOLOG\u00cdA<\/strong><\/p>\n<p>La dosis es de 10 mg &#8211; 20 mg por dia en hombres, tomados por no mas de 6 u 8 semanas, si se olvida se toma la dosis imitida tan pronto sea posible, no doblar la dosis. Cualquier duda consulte a su medico. En mujeres una dosis diaria oral eficaz que duren no menos de 4-6 semanas.<\/p>\n<p><strong>CONTRAINDICACIONES<\/strong><\/p>\n<p>Esta contraindicado su uso prolongado debido a que los efectos sobre el h\u00edgado. Es muy importante utilizar un protector hep\u00e1tico durante su consumo. Si no se utiliza no consumir por mas de dos semanas.<\/p>\n<p><strong>EFECTOS ADVERSOS<\/strong><\/p>\n<p>Los efectos adversos secundarios estrog\u00e9nicos son m\u00ednimos, porque no convierte el estr\u00f3geno, pero muchas veces cuando se toma de forma oral puede haber problema con la ginecomastia por el hecho que reduce fuertemente SHBG y aumenta TST. Los mas comunes son: acn\u00e9, ampliaci\u00f3n del pene, aumento de la frecuencia de las erecciones, periodos menstruales irregulares en mujeres, crecimiento anormal del cabello o la perdida del cabello.<\/p>\n<p><strong>INTERACCIONES<\/strong><\/p>\n<p>El uso simultaneo de los esteroides anab\u00f3licos con medicamentos hepatot\u00f3xicos pueden aumentar la hepatotoxicidad. En pacientes con enfermedades hep\u00e1ticas deben ser monitoreados cuidadosamente.<strong><br \/>\n<\/strong><\/p>\n<p><b>PRECAUCIONES Y ADVERTENCIAS<\/b><\/p>\n<p>El efecto negativo en el h\u00edgado por lo general se manifiesta como la una condici\u00f3n conocida como colestasis reversible. Esto debido a una disminuci\u00f3n o bloqueo completo de los \u00e1cidos biliares desde el h\u00edgado. Si el h\u00edgado esta comprometido suspender de inmediato la medicaci\u00f3n.<\/p>\n<p><strong>RESTRICCIONES DE USO<\/strong><\/p>\n<p>La seguridad del uso de metildrostanolona durante el embarazo y la lactancia no esta bien establecida por lo que se recomienda la suspensi\u00f3n en el uso.<\/p>\n<p><strong>SOBREDOSIS<\/strong><\/p>\n<p>A las dosis terap\u00e9uticas indicadas, no cabe esperar ning\u00fan tipo de toxicidad aguda. En el caso de sobredosis consultar con su medico o acudir al centro de toxicolog\u00eda en el Centro de Emergencias Medicas Dr. Luis M. Arga\u00f1a sito en Avda. Gral. Santos y Teodoro S. Mongelos TEL.: 204 800 &#8211; 206 203<\/p>\n<p><strong>PRESENTACI\u00d3N<\/strong><\/p>\n<p>Caja conteniendo 50 comprimidos<\/p>\n<p><b>Mantener a una temperatura ambiente (15 \u00b0C &#8211; 30 \u00b0C). Proteger de la luz. Mantener fuera del alcance de los ni\u00f1os.<\/b><\/p>\n<p><b> <\/b><b>Venta bajo receta.<\/b><\/p>\n<p><b> <\/b><b>Industria Paraguaya.<\/b><\/p>\n<\/div>\n<\/div>\n","protected":false},"excerpt":{"rendered":"<p>DROSTENOLAND Metildrostenolona 10 mg F\u00f3rmula: Cada comprimido contiene: Metildrostenolona..\u2026\u2026\u2026\u2026\u2026\u2026\u2026\u2026\u2026\u2026\u2026\u2026\u2026\u2026\u2026\u2026\u2026\u2026\u2026\u2026\u2026\u2026\u2026\u2026\u2026\u2026\u2026\u2026\u2026\u2026\u2026\u2026 10 mg. Excipientes\u2026\u2026\u2026\u2026\u2026\u2026\u2026\u2026\u2026\u2026\u2026\u2026\u2026\u2026\u2026\u2026\u2026\u2026\u2026\u2026\u2026\u2026\u2026\u2026\u2026\u2026\u2026\u2026\u2026\u2026\u2026\u2026\u2026\u2026\u2026\u2026\u2026 c.s. MECANISMO DE ACCI\u00d3N: La metildrostenolona es una<\/p>\n","protected":false},"featured_media":6478,"template":"","meta":[],"product_brand":[138],"product_cat":[147],"product_tag":[],"class_list":{"0":"post-5062","1":"product","2":"type-product","3":"status-publish","4":"has-post-thumbnail","6":"product_brand-landerlan","7":"product_cat-anabolizantes","9":"first","10":"instock","11":"shipping-taxable","12":"purchasable","13":"product-type-simple"},"_links":{"self":[{"href":"https:\/\/farmaciadosul.com\/pt-br\/wp-json\/wp\/v2\/product\/5062","targetHints":{"allow":["GET"]}}],"collection":[{"href":"https:\/\/farmaciadosul.com\/pt-br\/wp-json\/wp\/v2\/product"}],"about":[{"href":"https:\/\/farmaciadosul.com\/pt-br\/wp-json\/wp\/v2\/types\/product"}],"version-history":[{"count":2,"href":"https:\/\/farmaciadosul.com\/pt-br\/wp-json\/wp\/v2\/product\/5062\/revisions"}],"predecessor-version":[{"id":6480,"href":"https:\/\/farmaciadosul.com\/pt-br\/wp-json\/wp\/v2\/product\/5062\/revisions\/6480"}],"wp:featuredmedia":[{"embeddable":true,"href":"https:\/\/farmaciadosul.com\/pt-br\/wp-json\/wp\/v2\/media\/6478"}],"wp:attachment":[{"href":"https:\/\/farmaciadosul.com\/pt-br\/wp-json\/wp\/v2\/media?parent=5062"}],"wp:term":[{"taxonomy":"product_brand","embeddable":true,"href":"https:\/\/farmaciadosul.com\/pt-br\/wp-json\/wp\/v2\/product_brand?post=5062"},{"taxonomy":"product_cat","embeddable":true,"href":"https:\/\/farmaciadosul.com\/pt-br\/wp-json\/wp\/v2\/product_cat?post=5062"},{"taxonomy":"product_tag","embeddable":true,"href":"https:\/\/farmaciadosul.com\/pt-br\/wp-json\/wp\/v2\/product_tag?post=5062"}],"curies":[{"name":"wp","href":"https:\/\/api.w.org\/{rel}","templated":true}]}}