{"id":5658,"date":"2026-02-11T01:00:11","date_gmt":"2026-02-11T01:00:11","guid":{"rendered":"https:\/\/farmaciadosul.com\/?post_type=product&#038;p=5658"},"modified":"2026-03-30T14:30:15","modified_gmt":"2026-03-30T14:30:15","slug":"cellucor-c4-4","status":"publish","type":"product","link":"https:\/\/farmaciadosul.com\/pt-br\/produto\/cellucor-c4-4\/","title":{"rendered":"CELLUCOR C4"},"content":{"rendered":"<div class=\"product__description rte quick-add-hidden\">\n<p><strong>C4 Original<\/strong>\u00a0ha sido dise\u00f1ado especialmente como pre-entrenamiento para deportistas que practican cualquier tipo de disciplina deportiva. \u00a1Prueba sus refrescantes sabores!<\/p>\n<h2>\u00bfQU\u00c9 ES C4 ORIGINAL?<\/h2>\n<p><strong>C4 Original<\/strong>\u00a0de\u00a0<a href=\"https:\/\/www.nutritienda.com\/es\/cellucor\" target=\"_blank\" rel=\"noopener\"><strong>Cellucor<\/strong><\/a>\u00a0es un complemento alimenticio a base de cafe\u00edna anhidra, beta-alanina y creatina monohidrato entre otros principios activos, espec\u00edficamente formulado para ser consumido antes de entrenar.<\/p>\n<h2>\u00bfPARA QU\u00c9 SIRVE C4 ORIGINAL?<\/h2>\n<p>Los diferentes principios activos que componen la f\u00f3rmula de este complemento alimenticio son:<\/p>\n<ul>\n<li><i>Cafe\u00edna anhidra<\/i>: que favorece la capacidad de resistencia retrasando la aparici\u00f3n de fatiga<sup>1<\/sup>.<\/li>\n<li><i>CarnoSyn<sup>\u00ae<\/sup>\u00a0Beta Alanina<\/i>: contribuye a aumentar los niveles de carnosina muscular, mejorando la tolerancia al ejercicio sin efectos adversos<sup>2<\/sup>.<\/li>\n<li><i>Creatina monohidrato micronizada<\/i>: ayuda a mejorar la adaptaci\u00f3n al ejercicio gracias a que favorece el incremento de la masa muscular<sup>1<\/sup>.<\/li>\n<li><i>Amino\u00e1cidos condicionales:<\/i>\u00a0esta f\u00f3rmula tambi\u00e9n incluye en su composici\u00f3n arginina alfa-cetoglutarato y l-tirosina.<\/li>\n<li><i>Vitamina C:<\/i>\u00a0contribuye al funcionamiento normal del sistema inmunitario durante el ejercicio f\u00edsico intenso y despu\u00e9s de este.<\/li>\n<\/ul>\n<p>Adem\u00e1s, la f\u00f3rmula de este\u00a0<a href=\"https:\/\/www.nutritienda.com\/es\/pre-entrenamiento\" target=\"_blank\" rel=\"noopener\"><strong>pre-entreno<\/strong><\/a>\u00a0ha sido enriquecida con vitaminas B6, B12 y \u00e1cido f\u00f3lico que contribuyen al metabolismo energ\u00e9tico normal y ayudan a disminuir el cansancio y la fatiga.<\/p>\n<\/div>\n","protected":false},"excerpt":{"rendered":"<p>C4 Original\u00a0ha sido dise\u00f1ado especialmente como pre-entrenamiento para deportistas que practican cualquier tipo de disciplina deportiva. \u00a1Prueba sus refrescantes sabores!<\/p>\n","protected":false},"featured_media":6097,"template":"","meta":[],"product_brand":[143],"product_cat":[148],"product_tag":[],"class_list":{"0":"post-5658","1":"product","2":"type-product","3":"status-publish","4":"has-post-thumbnail","6":"product_brand-cellucor","7":"product_cat-suplementos","9":"first","10":"instock","11":"shipping-taxable","12":"purchasable","13":"product-type-simple"},"_links":{"self":[{"href":"https:\/\/farmaciadosul.com\/pt-br\/wp-json\/wp\/v2\/product\/5658","targetHints":{"allow":["GET"]}}],"collection":[{"href":"https:\/\/farmaciadosul.com\/pt-br\/wp-json\/wp\/v2\/product"}],"about":[{"href":"https:\/\/farmaciadosul.com\/pt-br\/wp-json\/wp\/v2\/types\/product"}],"version-history":[{"count":2,"href":"https:\/\/farmaciadosul.com\/pt-br\/wp-json\/wp\/v2\/product\/5658\/revisions"}],"predecessor-version":[{"id":6099,"href":"https:\/\/farmaciadosul.com\/pt-br\/wp-json\/wp\/v2\/product\/5658\/revisions\/6099"}],"wp:featuredmedia":[{"embeddable":true,"href":"https:\/\/farmaciadosul.com\/pt-br\/wp-json\/wp\/v2\/media\/6097"}],"wp:attachment":[{"href":"https:\/\/farmaciadosul.com\/pt-br\/wp-json\/wp\/v2\/media?parent=5658"}],"wp:term":[{"taxonomy":"product_brand","embeddable":true,"href":"https:\/\/farmaciadosul.com\/pt-br\/wp-json\/wp\/v2\/product_brand?post=5658"},{"taxonomy":"product_cat","embeddable":true,"href":"https:\/\/farmaciadosul.com\/pt-br\/wp-json\/wp\/v2\/product_cat?post=5658"},{"taxonomy":"product_tag","embeddable":true,"href":"https:\/\/farmaciadosul.com\/pt-br\/wp-json\/wp\/v2\/product_tag?post=5658"}],"curies":[{"name":"wp","href":"https:\/\/api.w.org\/{rel}","templated":true}]}}