{"id":5659,"date":"2026-02-11T01:00:12","date_gmt":"2026-02-11T01:00:12","guid":{"rendered":"https:\/\/farmaciadosul.com\/?post_type=product&#038;p=5659"},"modified":"2026-03-06T13:00:17","modified_gmt":"2026-03-06T13:00:17","slug":"gnc-kids-calcium-gummy-2","status":"publish","type":"product","link":"https:\/\/farmaciadosul.com\/pt-br\/produto\/gnc-kids-calcium-gummy-2\/","title":{"rendered":"GNC KIDS CALCIUM GUMMY"},"content":{"rendered":"<p>Deliciosas gomitas formuladas espec\u00edficamente con Calcio, vitamina D y f\u00f3sforo para ni\u00f1os de 2 a 12 a\u00f1os.<br \/>\nApoya la salud \u00f3sea y el crecimiento de los huesos.<br \/>\nContribuye a fortalecer los dientes.<br \/>\nAporta nutrientes esenciales para el correcto desarrollo infantil.<\/p>\n<p>Posolog\u00eda:<br \/>\nMasticar de una a tres porciones diarias con alimentos. Los ni\u00f1os de 2 a 4 a\u00f1os masticar una gomita por porci\u00f3n. Los ni\u00f1os de 4 a\u00f1os en adelante masticar dos gomitas por porci\u00f3n.<\/p>\n","protected":false},"excerpt":{"rendered":"<p>Deliciosas gomitas formuladas espec\u00edficamente con Calcio, vitamina D y f\u00f3sforo para ni\u00f1os de 2 a 12 a\u00f1os. Apoya la salud<\/p>\n","protected":false},"featured_media":6100,"template":"","meta":[],"product_brand":[142],"product_cat":[148],"product_tag":[],"class_list":{"0":"post-5659","1":"product","2":"type-product","3":"status-publish","4":"has-post-thumbnail","6":"product_brand-gnc","7":"product_cat-suplementos","9":"first","10":"instock","11":"shipping-taxable","12":"purchasable","13":"product-type-simple"},"_links":{"self":[{"href":"https:\/\/farmaciadosul.com\/pt-br\/wp-json\/wp\/v2\/product\/5659","targetHints":{"allow":["GET"]}}],"collection":[{"href":"https:\/\/farmaciadosul.com\/pt-br\/wp-json\/wp\/v2\/product"}],"about":[{"href":"https:\/\/farmaciadosul.com\/pt-br\/wp-json\/wp\/v2\/types\/product"}],"version-history":[{"count":1,"href":"https:\/\/farmaciadosul.com\/pt-br\/wp-json\/wp\/v2\/product\/5659\/revisions"}],"predecessor-version":[{"id":6102,"href":"https:\/\/farmaciadosul.com\/pt-br\/wp-json\/wp\/v2\/product\/5659\/revisions\/6102"}],"wp:featuredmedia":[{"embeddable":true,"href":"https:\/\/farmaciadosul.com\/pt-br\/wp-json\/wp\/v2\/media\/6100"}],"wp:attachment":[{"href":"https:\/\/farmaciadosul.com\/pt-br\/wp-json\/wp\/v2\/media?parent=5659"}],"wp:term":[{"taxonomy":"product_brand","embeddable":true,"href":"https:\/\/farmaciadosul.com\/pt-br\/wp-json\/wp\/v2\/product_brand?post=5659"},{"taxonomy":"product_cat","embeddable":true,"href":"https:\/\/farmaciadosul.com\/pt-br\/wp-json\/wp\/v2\/product_cat?post=5659"},{"taxonomy":"product_tag","embeddable":true,"href":"https:\/\/farmaciadosul.com\/pt-br\/wp-json\/wp\/v2\/product_tag?post=5659"}],"curies":[{"name":"wp","href":"https:\/\/api.w.org\/{rel}","templated":true}]}}