{"id":5905,"date":"2026-02-11T01:02:48","date_gmt":"2026-02-11T01:02:48","guid":{"rendered":"https:\/\/farmaciadosul.com\/?post_type=product&#038;p=5905"},"modified":"2026-04-19T09:30:20","modified_gmt":"2026-04-19T09:30:20","slug":"trembolona-acetato-2","status":"publish","type":"product","link":"https:\/\/farmaciadosul.com\/pt-br\/produto\/trembolona-acetato-2\/","title":{"rendered":"TREMBOLONA ACETATO"},"content":{"rendered":"<div class=\"col-md-8\">\n<div class=\"body\">\n<p><strong>TREMBOLONA ACETATO 75 mg\/mL .<\/strong><\/p>\n<p>Soluci\u00f3n Oleosa Inyectable<\/p>\n<p>V\u00eda intramuscular Profunda<\/p>\n<p><strong>F\u00f3rmula: <\/strong><\/p>\n<p>Cada mL de soluci\u00f3n inyectable contiene:<br \/>\nTrembolona Acetato\u2026\u2026\u2026\u2026\u2026\u2026\u2026\u2026\u2026\u2026\u2026\u2026\u2026\u2026\u2026\u202675 mg<br \/>\nExcipientes\u2026\u2026\u2026\u2026\u2026\u2026\u2026\u2026\u2026\u2026\u2026\u2026\u2026\u2026\u2026\u2026\u2026\u2026\u2026\u2026\u2026\u2026\u2026\u2026\u2026\u2026\u2026\u2026\u2026\u2026\u2026\u2026\u2026\u2026\u2026\u2026\u2026 c.s.<\/p>\n<p><strong>Mecanismo de Acci\u00f3n<\/strong><\/p>\n<p>La TREMBOLONA es un fuerte andr\u00f3geno que carece de actividad estrog\u00e9nica.<br \/>\nEstructuralmente, la TREMBOLONA es un 19 nor esteroide, derivado de la nandrolona. Los dobles enlaces en C9 y C11 hacen a la TREMBOLONA muy distinta en apariencia que su pariente la nandrolona<br \/>\nSu actividad estrog\u00e9nica ha sido eliminada. Esto es el resultado del doble enlace C9-10. Este enlace no parece poder ser removido metab\u00f3licamente, que es el \u00fanico modo posible para que este compuesto se convierta en estr\u00f3geno. Aunque la nandrolona raramente se concibe como un esteroide estrog\u00e9nico, la conversi\u00f3n a estradiol es todav\u00eda posible hasta cierto punto. Por lo tanto, el hecho de que la TREMBOLONA no se convierta a estradiol sigue siendo una significante diferencia entre los dos esteroides. La actividad androg\u00e9nica de la TREMBOLONA es tambi\u00e9n mucho m\u00e1s fuerte que la de su pariente, la nandrolona. Esto es debido a dos interesantes rasgos: primero, la TREMBOLONA no aparenta favorecer la reducci\u00f3n de la 5-alfa en humanos. Como tal, no muestra una fuerte disociaci\u00f3n anab\u00f3lico-androg\u00e9nica como la nandrolona, lo que la hace mucho m\u00e1s androg\u00e9nica. Adem\u00e1s, la inducci\u00f3n del doble enlace en el C9 y en el C11 parece incrementar la vinculaci\u00f3n con los receptores androg\u00e9nicos. Esto representa un segundo modo en que la potencia de la TREMBOLONA se incrementa.<br \/>\nLa TREMBOLONA suprime tambi\u00e9n la producci\u00f3n natural de testosterona r\u00e1pidamente, esto podr\u00eda necesitar el uso de una droga estimulante de la testosterona con el fin de evitar una pronunciada ca\u00edda en el momento en que se descontin\u00faa su uso. Aunque est\u00e1 listado como un esteroide \u201cno-progestacional\u201d en la literatura, varios estudios demuestran claramente que la TREMBOLONA se vincula con estos receptores. Como sabemos que todos los esteroides sexuales promueven la inhibici\u00f3n de la retroalimentaci\u00f3n negativa de la producci\u00f3n de testosterona.<\/p>\n<p><strong>Indicaciones<\/strong><\/p>\n<p>La TREMBOLONA es un esteroide usado para aumentar el apetito.<br \/>\nSus fuertes propiedades androg\u00e9nicas y no estrog\u00e9nicas lo hicieron ideal para incrementar la dureza muscular, la definici\u00f3n y la fuerza sin retenci\u00f3n de l\u00edquidos. Incremento de la eritropoyesis (aumento del recuento sangu\u00edneo).<\/p>\n<p><strong>Posolog\u00eda<\/strong><\/p>\n<p>Dosis media: hombres 75 mg cada dos d\u00edas.<\/p>\n<p><strong>Contraindicaciones<\/strong><\/p>\n<p>La TREMBOLONA puede afectar en cierta medida, la funci\u00f3n cardiovascular, lo que significa que no es adecuado para aquellos pacientes que sufren alguna deficiencia a este nivel ni en aquellos en los que regularmente participan en deportes o actividad en la que requieren un nivel decente del esfuerzo cardiovascular.<\/p>\n<p><strong>Contraindicaciones<\/strong><\/p>\n<p>La TREMBOLONA puede afectar en cierta medida, la funci\u00f3n cardiovascular, lo que significa que no es adecuado para aquellos pacientes que sufren alguna deficiencia a este nivel ni en aquellos en los que regularmente participan en deportes o actividad en la que requieren un nivel decente del esfuerzo cardiovascular.<\/p>\n<p><strong>Reacciones Adversas <\/strong><\/p>\n<ul>\n<li>Es altamente t\u00f3xica tanto para el h\u00edgado como para los ri\u00f1ones.<\/li>\n<li>Su uso prolongado puede producir hiperplasia prost\u00e1tica.<\/li>\n<li>Se reporta en los foros que hablan del tema, sin base cient\u00edfica, que a cualquier dosis produce un aumento importante de la agresividad.<\/li>\n<li>Otro s\u00edntoma muy com\u00fan reportado por consumidores de TREMBOLONA consiste en sensaci\u00f3n de asfixia y tos durante unos pocos segundos inmediatamente despu\u00e9s de la administraci\u00f3n del producto, en especial de aquellos producidos de manera artesanal o con alto contenido de alcohol benc\u00edlico. En los foros en ingl\u00e9s le llaman \u201cTren cough\u201d.<\/li>\n<li>Hiperprolactinemia o incremento de los valores normales de prolactina con sus consecuencias asociadas, en las que destaca la ginecomastia.<\/li>\n<li>Alta presi\u00f3n sangu\u00ednea que se percibe como fuertes dolores de cabeza.<\/li>\n<li>Otros efectos secundarios propios de los andr\u00f3genos: acn\u00e9, disfunci\u00f3n sexual, insomnio, alopecia, sudoraci\u00f3n ante la realizaci\u00f3n de actividades normales etc.<\/li>\n<\/ul>\n<p><strong>Precauciones y Advertencias<\/strong><\/p>\n<p>La TREMBOLONA aumenta la presi\u00f3n arterial en muchos usuarios, algunos a tal grado que tienen que dejar de utilizarlo. Por lo tanto, se recomienda que quien quiera utilizar TREMBOLONA, deba monitorear su presi\u00f3n arterial durante todo el ciclo de uso.<br \/>\nTambi\u00e9n se ha sugerido a trav\u00e9s de la investigaci\u00f3n que la TREMBOLONA realmente (aunque ayuda un poco en la p\u00e9rdida de grasa) reduce los niveles end\u00f3genos de T3. As\u00ed, algunos abogan por el uso de 25mcg T3 a trav\u00e9s de un ciclo de uso de TREMBOLONA.<br \/>\nComo la TREMBOLONA es un esteroide fuerte, se suprimir\u00e1 la producci\u00f3n de testosterona natural del cuerpo con gran facilidad. Por ello la recuperaci\u00f3n, en los ciclos que contengan TREMBOLONA, no es f\u00e1cil, y requiere de un control de los niveles hormonales.<\/p>\n<p><strong>PInteracciones<\/strong><\/p>\n<p>La ligera naturaleza progestacional de la TREMBOLONA podr\u00eda fallar en inducir efectos secundarios, aunque deber\u00eda tener el potencial de bajar los umbrales de los efectos secundarios cuando otros esteroides estrog\u00e9nicos son utilizados concomitantemente para mejorar la acci\u00f3n de esta hormona.<\/p>\n<p>&nbsp;<\/p>\n<p><strong>Restricciones de Uso<\/strong><\/p>\n<p>No utilizar en caso de hipersensibilidad a algunos de sus componentes; durante el embarazo y periodo de amamantamiento. Tampoco utilizar en pacientes con Hipertensi\u00f3n arterial, ni en pacientes con problemas cardiovasculares sin un control m\u00e9dico exhaustivo.<\/p>\n<p><strong>Sobredosis<\/strong><\/p>\n<p>A dosis elevadas se pueden presentar alucinaciones. En caso de sobredosis accidental recurrir al Centro de Emergencias M\u00e9dicas Dr. Manuel Giagni; secci\u00f3n toxicolog\u00eda. Tel: 204800- 206203.<\/p>\n<p><strong>Presentaci\u00f3n<\/strong><\/p>\n<p>Caja conteniendo 1 frasco ampolla con soluci\u00f3n x 10 mL.<\/p>\n<p>Caja conteniendo 5 ampollas x 1 mL<\/p>\n<p><strong>Mantener a una temperatura inferior a 25 \u00b0 C , en lugar seco y fuera del alcance de los ni\u00f1os<\/strong><\/p>\n<\/div>\n<\/div>\n","protected":false},"excerpt":{"rendered":"<p>TREMBOLONA ACETATO 75 mg\/mL . Soluci\u00f3n Oleosa Inyectable V\u00eda intramuscular Profunda F\u00f3rmula: Cada mL de soluci\u00f3n inyectable contiene: Trembolona Acetato\u2026\u2026\u2026\u2026\u2026\u2026\u2026\u2026\u2026\u2026\u2026\u2026\u2026\u2026\u2026\u202675<\/p>\n","protected":false},"featured_media":6083,"template":"","meta":[],"product_brand":[138],"product_cat":[147],"product_tag":[],"class_list":{"0":"post-5905","1":"product","2":"type-product","3":"status-publish","4":"has-post-thumbnail","6":"product_brand-landerlan","7":"product_cat-anabolizantes","9":"first","10":"instock","11":"shipping-taxable","12":"purchasable","13":"product-type-simple"},"_links":{"self":[{"href":"https:\/\/farmaciadosul.com\/pt-br\/wp-json\/wp\/v2\/product\/5905","targetHints":{"allow":["GET"]}}],"collection":[{"href":"https:\/\/farmaciadosul.com\/pt-br\/wp-json\/wp\/v2\/product"}],"about":[{"href":"https:\/\/farmaciadosul.com\/pt-br\/wp-json\/wp\/v2\/types\/product"}],"version-history":[{"count":2,"href":"https:\/\/farmaciadosul.com\/pt-br\/wp-json\/wp\/v2\/product\/5905\/revisions"}],"predecessor-version":[{"id":6087,"href":"https:\/\/farmaciadosul.com\/pt-br\/wp-json\/wp\/v2\/product\/5905\/revisions\/6087"}],"wp:featuredmedia":[{"embeddable":true,"href":"https:\/\/farmaciadosul.com\/pt-br\/wp-json\/wp\/v2\/media\/6083"}],"wp:attachment":[{"href":"https:\/\/farmaciadosul.com\/pt-br\/wp-json\/wp\/v2\/media?parent=5905"}],"wp:term":[{"taxonomy":"product_brand","embeddable":true,"href":"https:\/\/farmaciadosul.com\/pt-br\/wp-json\/wp\/v2\/product_brand?post=5905"},{"taxonomy":"product_cat","embeddable":true,"href":"https:\/\/farmaciadosul.com\/pt-br\/wp-json\/wp\/v2\/product_cat?post=5905"},{"taxonomy":"product_tag","embeddable":true,"href":"https:\/\/farmaciadosul.com\/pt-br\/wp-json\/wp\/v2\/product_tag?post=5905"}],"curies":[{"name":"wp","href":"https:\/\/api.w.org\/{rel}","templated":true}]}}