{"id":5906,"date":"2026-02-11T01:02:49","date_gmt":"2026-02-11T01:02:49","guid":{"rendered":"https:\/\/farmaciadosul.com\/?post_type=product&#038;p=5906"},"modified":"2026-04-21T11:30:21","modified_gmt":"2026-04-21T11:30:21","slug":"clembuterol-0-40mg-2","status":"publish","type":"product","link":"https:\/\/farmaciadosul.com\/pt-br\/produto\/clembuterol-0-40mg-2\/","title":{"rendered":"CLEMBUTEROL 0.40MG"},"content":{"rendered":"<div class=\"col-md-8\">\n<div class=\"body\">\n<h3><b>CLEMBUTEROL CLORHIDRATO 0,04 mg<br \/>\n<\/b><b>LANDERLAN<\/b><\/h3>\n<div><\/div>\n<div>Broncodilatador -Antiasm\u00e1tico<\/p>\n<\/div>\n<div>Comprimidos V\u00eda Oral<\/p>\n<\/div>\n<div>F\u00f3rmula:<\/div>\n<div>Cada comprimido contiene:<\/div>\n<div>Clembuterol clorhidrato\u2026\u2026\u2026\u2026\u2026\u2026\u2026\u2026\u2026\u2026\u20260,04mg<\/div>\n<div>Excipientes\u2026\u2026\u2026\u2026\u2026\u2026\u2026\u2026\u2026\u2026\u2026\u2026\u2026\u2026\u2026\u2026\u2026c.s.p<\/div>\n<div>Indicaciones:<\/div>\n<div>Tratamiento de broncoespasmo de diferentes etiolog\u00edas: Asma bronquial, Bronquitis asm\u00e1tica, Bronquitis esp\u00e1stica.<\/div>\n<div>Contraindicaciones:<\/div>\n<div>No utilizar en pacientes con hipertensi\u00f3n grave, tirotoxicosis, feocromocitoma, insuficiencia card\u00edaca, taquicardia, taquiarritmia, cardiomiopat\u00eda obstructiva hipertr\u00f3fica, hipersensibilidad al clembuterol o a cualquier otro componente de la f\u00f3rmula.<\/div>\n<div>No es adecuado el uso de clembuterol para el tratamiento de los s\u00edntomas de los ataques agudos de asma.<\/div>\n<div>Reacciones Adversas y Efectos Colaterales:<\/div>\n<div>Las reacciones adversas se han clasificado por su frecuencia en:<\/div>\n<div>Muy frecuentes (&gt;1\/10)<\/div>\n<div>Frecuentes (&gt;1\/100, &lt;1\/10)<\/div>\n<div>Poco frecuentes (&gt;1\/1000, &lt;1\/100)<\/div>\n<div>Raras (&gt;1\/10.000, &lt;1\/1.000)<\/div>\n<div>Muy raras (&lt;1\/10.000)<\/div>\n<div>Frecuencia no conocida (notificadas durante uso postcomercializaci\u00f3n y en datos de laboratorio)<\/div>\n<div>Trastornos gastrointestinales<\/div>\n<div>Frecuentes: N\u00e1useas, v\u00f3mitos, sequedad de boca, trastornos del gusto, dispepsia, hiperacidez g\u00e1strica y diarrea.<\/div>\n<div>Trastornos del metabolismo y de la nutrici\u00f3n<\/div>\n<div>Raras: Hiperglicemia, hipopotasemia.<\/div>\n<div>Trastornos cardiovasculares<\/div>\n<div>Frecuentes: Palpitaciones, taquicardia.<\/div>\n<div>Raras: Hipertensi\u00f3n o hipotensi\u00f3n arterial, s\u00edndrome de QT prolongado, arritmias, fibrilaci\u00f3n auricular, taquicardia supraventricular, extras\u00edstole, angina de pecho.<\/div>\n<div>Trastornos del sistema nervioso<\/div>\n<div>Frecuentes: Cefalea, temblor ligero.<\/div>\n<div>Raras: Nerviosismo, mareo, v\u00e9rtigo, insomnio.<\/div>\n<div>Trastornos respiratorios, tor\u00e1cicos y mediast\u00ednicos<\/div>\n<div>Muy raras: Espasmo bronquial parad\u00f3jico, exacerbaci\u00f3n del asma.<\/div>\n<div>Trastornos musculoesquel\u00e9ticos y del tejido conjuntivo<\/div>\n<div>Raras: Calambres musculares, mialgias.<\/div>\n<div>Trastornos de la piel y del tejido subcut\u00e1neo<\/div>\n<div>Poco frecuentes: Urticaria, prurito, erupci\u00f3n exantem\u00e1tica, angioedema.<\/div>\n<div>Trastornos del sistema inmunol\u00f3gico<\/div>\n<div>Muy raras: Reacci\u00f3n anafil\u00e1ctica.<\/div>\n<div>Precauciones y Advertencias:<\/div>\n<div>Precauciones de uso: Algunos pacientes pueden presentar un ligero temblor en las manos o signos de leve inquietud que deben conllevar a una reducci\u00f3n de la dosis prescrita. El clembuterol produce una estimulaci\u00f3n de la glucogenolisis al actuar sobre receptores beta-2, por lo que puede dar lugar a hiperglucemia.<\/div>\n<div>Se recomienda determinar los niveles de glucemia peri\u00f3dicamente.<\/div>\n<div>Se recomienda precauci\u00f3n en pacientes con alteraci\u00f3n del funcionalismo renal, insuficiencia cardiaca, hipertensi\u00f3n arterial, arritmia cardiaca, infarto agudo de miocardio, insuficiencia coronaria o en situaciones que predispongan a ellas, como hipertiroidismo. Tratamiento concomitante con simpaticomim\u00e9ticos.<\/div>\n<div>El clembuterol podr\u00eda dar lugar a una estimulaci\u00f3n nerviosa, disminuyendo el umbral de convulsiones, por lo que se recomienda precauci\u00f3n en pacientes con epilepsia.<\/div>\n<div>Esta especialidad contiene lactosa.<\/div>\n<div>Se informa a los deportistas que este medicamento contiene un componente que puede establecer un resultado anal\u00edtico de control del dopaje como positivo.<\/div>\n<div>Embarazo: No se recomienda su administraci\u00f3n durante el primer trimestre del embarazo, ni tampoco en los d\u00edas anteriores a la fecha del parto, debido a su acci\u00f3n tocol\u00edtica.<\/div>\n<div>Lactancia: En estudios precl\u00ednicos, se ha observado que el clembuterol se excreta en la leche materna. En caso de que se indique el tratamiento con clembuterol, deber\u00e1 suspenderse la lactancia.<\/div>\n<div>Restricciones de uso:<\/div>\n<div>Utilizar bajo estricto seguimiento y control m\u00e9dico.<\/div>\n<div>Mecanismo de Acci\u00f3n:<\/div>\n<div>Farmacodin\u00e1mica: El clembuterol, es un fenilaminoetanol con propiedades adren\u00e9rgicas, agonista selectivo por los receptores beta-2, que origina una r\u00e1pida broncodilataci\u00f3n, independientemente del calibre bronquial y del est\u00edmulo que cause la broncoconstricci\u00f3n.<\/div>\n<div>La uni\u00f3n al receptor adren\u00e9rgico beta-2 da lugar a la estimulaci\u00f3n de la adenilato-ciclasa, incrementando la producci\u00f3n del segundo mensajero AMPc, que inhibe la fosforilaci\u00f3n de la miosina y disminuye los niveles intracelulares de calcio, con la consiguiente relajaci\u00f3n muscular.<\/div>\n<div>Adem\u00e1s de sus efectos directos sobre el m\u00fasculo liso bronquial, el clembuterol parece oponerse a la liberaci\u00f3n de mediadores espasmog\u00e9nicos e inflamatorios, tales como histamina, leucotrienos y PGD4 desde los mastocitos, y acetilcolina desde las terminaciones nerviosas colin\u00e9rgicas. Tambi\u00e9n parece estimular el aclaramiento mucociliar. Sin embargo, se desconoce la importancia cl\u00ednica de estos efectos en pacientes asm\u00e1ticos.<\/div>\n<div>Farmacocin\u00e9tica: La absorci\u00f3n de clembuterol por v\u00eda oral es r\u00e1pida y casi completa entre 15 y 45 minutos, alcanza niveles m\u00e1ximos en plasma a las 2 horas, tiene una biodisponibilidad del 70-80%, se une intensamente a los tejidos, liber\u00e1ndose muy lentamente. Su eliminaci\u00f3n se realiza en forma bif\u00e1sica. La fase de eliminaci\u00f3n corta (curva alfa) muestra una vida media de 1 hora y la fase prolongada (curva beta) rebasa la fase corta con una vida media de 3 a 6 horas. La eliminaci\u00f3n se realiza predominantemente por v\u00eda renal (30%). Su vida media de eliminaci\u00f3n es de 25-35 horas.<\/div>\n<div>Posolog\u00eda y Modo de Uso:<\/div>\n<div>La dosis terap\u00e9utica media es de 0,02 mg en adultos, dosis de 0,03 a 0,04mg aumentan su efecto broncodilatador proporcionalmente, pero dosis superiores a 0,040 mg no tienen mayor acci\u00f3n terap\u00e9utica. Puede administrarse cada 8 horas, dependiendo de la respuesta individual de cada paciente.<\/div>\n<div>La duraci\u00f3n del tratamiento depende de la respuesta y del criterio m\u00e9dico.<\/div>\n<div>En procesos agudos la duraci\u00f3n del tratamiento recomendado es de 5 d\u00edas, y en cr\u00f3nicos puede administrarse durante meses inclusive<\/div>\n<div>Los comprimidos de clembuterol se ingerir\u00e1n con ayuda de un vaso de agua, y con o sin las comidas.<\/div>\n<div>En ni\u00f1os de 6 a 12 a\u00f1os: 0,0012 mg\/kg\/d\u00eda (entre 0,0008 y 0,0015 mg\/kg\/d\u00eda) divididos en 2 veces al d\u00eda.<\/div>\n<div>Interacci\u00f3n con otros medicamentos y otras formas de interacci\u00f3n:<\/div>\n<div>Los Anest\u00e9sicos halogenados pueden aumentar la sensibilidad del miocardio por los agonistas beta-adren\u00e9rgicos, con un mayor riesgo de arritmias card\u00edacas.<\/div>\n<div>Los Antidepresivos tric\u00edclicos e IMAO, podr\u00edan incrementar los efectos cardiot\u00f3xicos de los agonistas beta-2, por lo que se recomienda evitar la asociaci\u00f3n y no administrar clembuterol hasta pasados 14 d\u00edas del tratamiento con un antidepresivo.<\/div>\n<div>Los Betabloqueantes (antagonistas adren\u00e9rgicos), incluso en forma de colirio, podr\u00eda disminuir e incluso antagonizar los efectos del clembuterol, pudiendo aparecer broncoespasmo y agravamiento del asma. Se recomienda evitar la asociaci\u00f3n, siempre y cuando sea posible, o utilizar antagonistas cardioselectivos, aunque tampoco se puede descartar esta interacci\u00f3n para estos f\u00e1rmacos.<\/div>\n<div>El clenbuterol podr\u00eda potenciar la toxicidad por digoxina.<\/div>\n<div>Antiarr\u00edtmicos de clase I y III, antihistam\u00ednicos H1 como terfenadina, ebastina<\/div>\n<div>o mizolastina, bepridil, cisaprida, esparfloxacino, halofantrina, litio,neurol\u00e9pticos, pentamidina, probucol, trimetoprim (F\u00e1rmacos prolongadoresdel intervalo QT), pueden producir una potenciaci\u00f3n de los efectos cardiot\u00f3xicos, por lo que se recomienda evitar la asociaci\u00f3n.<\/div>\n<div>F\u00e1rmacos que inducen hipokalemia como: corticoides, diur\u00e9ticos no ahorradores de potasio, teofilina, pueden potenciar el riesgo de la p\u00e9rdida de potasio, con la consiguiente aparici\u00f3n de fen\u00f3menos de cardiotoxicidad, se recomienda controlar la kalemia peri\u00f3dicamente, sobre todo si el paciente recibe adem\u00e1s teofilina.<\/div>\n<div>La administraci\u00f3n de clembuterol junto con otros f\u00e1rmacos agonistas adren\u00e9rgicos podr\u00eda potenciar la toxicidad card\u00edaca. Este efecto es especialmente importante si el f\u00e1rmaco no es selectivo por los receptores beta-2, recomend\u00e1ndose en este caso evitar la asociaci\u00f3n.<\/div>\n<div>La utilizaci\u00f3n de clembuterol junto con f\u00e1rmacos como el formoterol o el salmeterol, agonistas selectivos de receptores beta-2 de acci\u00f3n prolongada, se ha mostrado eficaz a la hora de tratar las exacerbaciones en pacientes con asma moderado o grave, sin un aumento significativo del riesgo de toxicidad cardiaca.<\/div>\n<div>Sobredosis (Signos, S\u00edntomas, Conducta y Tratamiento):<\/div>\n<div>La sobredosis suele dar lugar a s\u00edntomas propios de la intoxicaci\u00f3n por f\u00e1rmacos simpaticomim\u00e9ticos. Los s\u00edntomas m\u00e1s comunes son n\u00e1useas, v\u00f3mitos, sequedad de boca, aparici\u00f3n de nerviosismo, insomnio, v\u00e9rtigo, temblores y convulsiones, cefalea, fatiga y malestar general y fen\u00f3menos cardiovasculares, con arritmias card\u00edacas, hipertensi\u00f3n o hipotensi\u00f3n. En los casos m\u00e1s graves puede aparecer angina de pecho, taquicardia con valores superiores a 200 latidos por minuto e hipokalemia.<\/div>\n<div>En caso de sobredosis recurrir a Emergencias M\u00e9dicas -Centro Nacional de Toxicolog\u00eda \u2013 Av. Gral. Santos y Teodoro S. Mongel\u00f3s \u2013 Telef: 021 204 800.<\/div>\n<div>En caso de reporte de reacciones adversas y\/o quejas relacionadas a la calidad del producto, comunicar al departamento de Farmacovigilancia. Telef.021-905300<\/div>\n<div>Condici\u00f3n de conservaci\u00f3n:<\/div>\n<div>Conservar a temperatura ambiente entre 15\u00b0C-30\u00b0C<\/div>\n<div>Mantenerse fuera del alcance de los ni\u00f1os<\/div>\n<div>Condici\u00f3n de venta: Venta bajo receta<\/div>\n<div>Presentaci\u00f3n:<\/div>\n<div>Caja conteniendo 50 comprimidos<\/div>\n<\/div>\n<\/div>\n","protected":false},"excerpt":{"rendered":"<p>CLEMBUTEROL CLORHIDRATO 0,04 mg LANDERLAN Broncodilatador -Antiasm\u00e1tico Comprimidos V\u00eda Oral F\u00f3rmula: Cada comprimido contiene: Clembuterol clorhidrato\u2026\u2026\u2026\u2026\u2026\u2026\u2026\u2026\u2026\u2026\u20260,04mg Excipientes\u2026\u2026\u2026\u2026\u2026\u2026\u2026\u2026\u2026\u2026\u2026\u2026\u2026\u2026\u2026\u2026\u2026c.s.p Indicaciones: Tratamiento de<\/p>\n","protected":false},"featured_media":6079,"template":"","meta":[],"product_brand":[138],"product_cat":[147],"product_tag":[],"class_list":{"0":"post-5906","1":"product","2":"type-product","3":"status-publish","4":"has-post-thumbnail","6":"product_brand-landerlan","7":"product_cat-anabolizantes","9":"first","10":"instock","11":"shipping-taxable","12":"purchasable","13":"product-type-simple"},"_links":{"self":[{"href":"https:\/\/farmaciadosul.com\/pt-br\/wp-json\/wp\/v2\/product\/5906","targetHints":{"allow":["GET"]}}],"collection":[{"href":"https:\/\/farmaciadosul.com\/pt-br\/wp-json\/wp\/v2\/product"}],"about":[{"href":"https:\/\/farmaciadosul.com\/pt-br\/wp-json\/wp\/v2\/types\/product"}],"version-history":[{"count":2,"href":"https:\/\/farmaciadosul.com\/pt-br\/wp-json\/wp\/v2\/product\/5906\/revisions"}],"predecessor-version":[{"id":6081,"href":"https:\/\/farmaciadosul.com\/pt-br\/wp-json\/wp\/v2\/product\/5906\/revisions\/6081"}],"wp:featuredmedia":[{"embeddable":true,"href":"https:\/\/farmaciadosul.com\/pt-br\/wp-json\/wp\/v2\/media\/6079"}],"wp:attachment":[{"href":"https:\/\/farmaciadosul.com\/pt-br\/wp-json\/wp\/v2\/media?parent=5906"}],"wp:term":[{"taxonomy":"product_brand","embeddable":true,"href":"https:\/\/farmaciadosul.com\/pt-br\/wp-json\/wp\/v2\/product_brand?post=5906"},{"taxonomy":"product_cat","embeddable":true,"href":"https:\/\/farmaciadosul.com\/pt-br\/wp-json\/wp\/v2\/product_cat?post=5906"},{"taxonomy":"product_tag","embeddable":true,"href":"https:\/\/farmaciadosul.com\/pt-br\/wp-json\/wp\/v2\/product_tag?post=5906"}],"curies":[{"name":"wp","href":"https:\/\/api.w.org\/{rel}","templated":true}]}}