{"id":5909,"date":"2026-02-11T01:02:51","date_gmt":"2026-02-11T01:02:51","guid":{"rendered":"https:\/\/farmaciadosul.com\/?post_type=product&#038;p=5909"},"modified":"2026-04-19T07:30:19","modified_gmt":"2026-04-19T07:30:19","slug":"stanozoland-depot-10mg-x-100-comp3","status":"publish","type":"product","link":"https:\/\/farmaciadosul.com\/pt-br\/produto\/stanozoland-depot-10mg-x-100-comp3\/","title":{"rendered":"STANOZOLAND DEPOT 10MG X 100 COMP"},"content":{"rendered":"<div class=\"col-md-8\">\n<div class=\"body\">\n<p><strong>Stanozoland Depot 50 mg. Inyectable<\/strong><\/p>\n<p>Stanozolol<\/p>\n<p><strong>F\u00f3rmula: <\/strong><\/p>\n<p><em>Cada mL contiene:<\/em><\/p>\n<p>Stanozolol\u2026\u2026\u2026\u2026\u2026\u2026\u2026\u2026\u2026\u2026\u2026\u2026\u2026\u2026\u2026\u2026\u2026\u2026\u2026\u2026\u2026\u2026\u2026\u2026\u2026\u2026\u2026\u2026\u2026\u2026\u2026\u2026\u2026\u2026\u2026\u2026\u2026 50 mg.<\/p>\n<p>Excipientes\u2026\u2026\u2026\u2026\u2026\u2026\u2026\u2026\u2026\u2026\u2026\u2026\u2026\u2026\u2026\u2026\u2026\u2026\u2026\u2026\u2026\u2026\u2026\u2026\u2026\u2026\u2026\u2026\u2026\u2026\u2026\u2026\u2026\u2026\u2026\u2026\u2026 c.s.<\/p>\n<p><strong>Propiedades:<\/strong><\/p>\n<p>El principio activo es el Stanozolol, que es el 17- &amp; &#8211; hidroxi- 17 &#8211; &amp; &#8211; metil androstano (3,2-c) pirazol, moderno anabolizante, eficaz tanto por v\u00eda oral como parenteral y potente estimulante de la s\u00edntesis proteica. El efecto del f\u00e1rmaco (que en el caso de STANOZOLAND DEPOT se prolonga durante 2 o 3 semanas) se manifiesta con un aumento de apetito y del peso corporal y con una notable recuperaci\u00f3n de las condiciones generales al mejorar la utilizaci\u00f3n de las prote\u00ednas.<\/p>\n<p><strong>Posolog\u00eda:<\/strong><\/p>\n<p>STANOZOLAND DEPOT Inyectable intramuscular:<\/p>\n<ul>\n<li>Adultos: 1 mL cada 2 \u00f3 3 semanas.<\/li>\n<li>Ni\u00f1os: Hasta los 2 a\u00f1os: 0.5 mL cada 2 \u00f3 3 semanas.<\/li>\n<li>Ni\u00f1os: De 2 a 6 a\u00f1os: de 0.5 a 1 mL cada 2 \u00f3 3 semanas, seg\u00fan criterio m\u00e9dico.<\/li>\n<\/ul>\n<p><strong>Stanozoland Depot:<\/strong><\/p>\n<p>Es una suspensi\u00f3n acuosa particularmente estudiada para una absorci\u00f3n prolongada ausente en efectos irritativos locales. Su uso es preferible siempre que el m\u00e9dico crea conveniente las administraciones parenterales distanciadas en el tiempo. Es oportuno integrar el tratamiento con una dieta rica y equilibrada.<\/p>\n<p><strong>Contraindicaciones:<\/strong><\/p>\n<p>Hipersensibilidad al Stanozolol, embarazo, carcinoma de pr\u00f3stata.<\/p>\n<p><strong>Efectos Secundarios:<\/strong><\/p>\n<p>Aunque muy raros y siempre reversibles, pueden aparecer: N\u00e1useas, v\u00f3mitos, exitaci\u00f3n, insomnio, acn\u00e9.<\/p>\n<p><strong>Indicaciones:<\/strong><\/p>\n<ul>\n<li>Estados de desmejoramiento general, delgadez de diverso origen, anorexia rebelde, convalecencia, enfermedades cr\u00f3nicas y debilitantes.<\/li>\n<li>S\u00edndrome nefr\u00f3tico, asm\u00e1ticos, artritis reumatoide, etc, para contrarrestar el efecto catab\u00f3lico de los cortis\u00f3nicos.<\/li>\n<li>Como coadyuvante en tratamiento de llagas del dec\u00fabito, fracturas de lenta consolidaci\u00f3n, oesteoporosis, quemaduras extensas, per\u00edodos pro y post- operatorio.<\/li>\n<li>En pediatr\u00eda, en los retardos de crecimiento estatural y ponderal, en los hipoevolutismos som\u00e1ticos, en las distrofias y en la inmadurez.<\/li>\n<\/ul>\n<p><strong>Interacciones:<\/strong><\/p>\n<p>La administraci\u00f3n concomitante de corticoesteroides o ACTH puede provocar edema ocasionalmente. En tratamientos con anticoagulantes, se puede registrar un aumento de la respuesta a estos f\u00e1rmacos, por lo que puede ser necesario reducir su dosis para obtener el mismo efecto terap\u00e9utico.<\/p>\n<p><strong>Precauciones:<\/strong><\/p>\n<p>En pacientes sensibles a fen\u00f3menos colaterales endocrinos o hidroelectrol\u00edticos (tendencia al edema), es oportuna una vigilancia peri\u00f3dica durante los tratamientos prolongados. En pacientes con hepatopat\u00edas, se aconseja vigilar los \u00edndices de colestasis.<\/p>\n<p><strong>Intoxicaci\u00f3n y su tratamiento:<\/strong><\/p>\n<p>A las dosis terap\u00e9uticas indicadas, no cabe esperar ning\u00fan tipo de toxicidad aguda. En caso de sobredosis acudir al Centro de Emergencias M\u00e9dicas, Secci\u00f3n Toxicolog\u00eda (Gral. Santos y Teodoro S. Mongel\u00f3s, Tel: 220 418).<\/p>\n<p><strong>Presentaci\u00f3n:<\/strong><\/p>\n<p>Caja conteniendo 3 ampollas x 1 mL.<\/p>\n<p>Caja Conteniendo 1 ampolla x 15 mL.<\/p>\n<p>Caja Conteniendo 1 ampolla x 30 mL.<\/p>\n<p>Mantener a una temperatura inferior a 25\u00b0C en un lugar seco y fuera del alcance de los ni\u00f1os.<\/p>\n<p>Venta bajo receta.<\/p>\n<p>Industria Paraguaya.<\/p>\n<\/div>\n<\/div>\n","protected":false},"excerpt":{"rendered":"<p>Stanozoland Depot 50 mg. Inyectable Stanozolol F\u00f3rmula: Cada mL contiene: Stanozolol\u2026\u2026\u2026\u2026\u2026\u2026\u2026\u2026\u2026\u2026\u2026\u2026\u2026\u2026\u2026\u2026\u2026\u2026\u2026\u2026\u2026\u2026\u2026\u2026\u2026\u2026\u2026\u2026\u2026\u2026\u2026\u2026\u2026\u2026\u2026\u2026\u2026 50 mg. Excipientes\u2026\u2026\u2026\u2026\u2026\u2026\u2026\u2026\u2026\u2026\u2026\u2026\u2026\u2026\u2026\u2026\u2026\u2026\u2026\u2026\u2026\u2026\u2026\u2026\u2026\u2026\u2026\u2026\u2026\u2026\u2026\u2026\u2026\u2026\u2026\u2026\u2026 c.s. Propiedades: El principio activo es<\/p>\n","protected":false},"featured_media":6073,"template":"","meta":[],"product_brand":[138],"product_cat":[147],"product_tag":[],"class_list":{"0":"post-5909","1":"product","2":"type-product","3":"status-publish","4":"has-post-thumbnail","6":"product_brand-landerlan","7":"product_cat-anabolizantes","9":"first","10":"instock","11":"shipping-taxable","12":"purchasable","13":"product-type-simple"},"_links":{"self":[{"href":"https:\/\/farmaciadosul.com\/pt-br\/wp-json\/wp\/v2\/product\/5909","targetHints":{"allow":["GET"]}}],"collection":[{"href":"https:\/\/farmaciadosul.com\/pt-br\/wp-json\/wp\/v2\/product"}],"about":[{"href":"https:\/\/farmaciadosul.com\/pt-br\/wp-json\/wp\/v2\/types\/product"}],"version-history":[{"count":4,"href":"https:\/\/farmaciadosul.com\/pt-br\/wp-json\/wp\/v2\/product\/5909\/revisions"}],"predecessor-version":[{"id":7685,"href":"https:\/\/farmaciadosul.com\/pt-br\/wp-json\/wp\/v2\/product\/5909\/revisions\/7685"}],"wp:featuredmedia":[{"embeddable":true,"href":"https:\/\/farmaciadosul.com\/pt-br\/wp-json\/wp\/v2\/media\/6073"}],"wp:attachment":[{"href":"https:\/\/farmaciadosul.com\/pt-br\/wp-json\/wp\/v2\/media?parent=5909"}],"wp:term":[{"taxonomy":"product_brand","embeddable":true,"href":"https:\/\/farmaciadosul.com\/pt-br\/wp-json\/wp\/v2\/product_brand?post=5909"},{"taxonomy":"product_cat","embeddable":true,"href":"https:\/\/farmaciadosul.com\/pt-br\/wp-json\/wp\/v2\/product_cat?post=5909"},{"taxonomy":"product_tag","embeddable":true,"href":"https:\/\/farmaciadosul.com\/pt-br\/wp-json\/wp\/v2\/product_tag?post=5909"}],"curies":[{"name":"wp","href":"https:\/\/api.w.org\/{rel}","templated":true}]}}