{"id":5911,"date":"2026-02-11T01:02:52","date_gmt":"2026-02-11T01:02:52","guid":{"rendered":"https:\/\/farmaciadosul.com\/?post_type=product&#038;p=5911"},"modified":"2026-03-28T14:00:21","modified_gmt":"2026-03-28T14:00:21","slug":"androlic-2","status":"publish","type":"product","link":"https:\/\/farmaciadosul.com\/pt-br\/produto\/androlic-2\/","title":{"rendered":"ANDROLIC"},"content":{"rendered":"<div class=\"col-md-8\">\n<div class=\"body\">\n<p><strong>Androlic 25 mg.<\/strong><br \/>\n<strong>Comprimido V\u00eda Oral<\/strong><br \/>\n<strong>Para la androgenoterapia oral en el hombre<\/strong><\/p>\n<p><strong>F\u00f3rmula:<\/strong><br \/>\nCada comprimido contiene:<br \/>\nMesterolona\u2026\u2026\u2026\u2026\u2026\u2026\u2026\u2026\u202625 mg.<br \/>\nExcipientes\u2026\u2026\u2026\u2026\u2026\u2026\u2026\u2026\u2026\u2026c.s.<\/p>\n<p><strong>Propiedades:<\/strong><br \/>\nAndrolic es apropiado para tratar por v\u00eda oral, todos aquellos estados de insuficiencia provocados por escasa producci\u00f3n o por falta de secreci\u00f3n de andr\u00f3genos. La capacidad de producci\u00f3n de hormonas sexuales masculinas (andr\u00f3genos), va disminuyendo con la edad. Administrado a las dosis recomendadas, Androlic no interfiere la espermatog\u00e9nesis.<br \/>\nAndrolic posee una excelente tolerancia hep\u00e1tica.<\/p>\n<p><strong>Indicaciones:<\/strong><br \/>\n&#8211; Trastornos de la potencia.<br \/>\nAndrolic suprime los trastornos de la potencia, debidos al d\u00e9ficit de andr\u00f3genos. Junto a la terap\u00e9utica causal, puede prescribirse Androlic como coadyuvante, a menudo, con verdadero \u00e9xito.<br \/>\n&#8211; Hipogonadismo.<br \/>\nAndrolic estimula el crecimiento, el desarrollo y la funci\u00f3n de los \u00f3rganos efectores que est\u00e1n bajo la influencia androg\u00e9nica, as\u00ed como la formaci\u00f3n de los caracteres sexuales secundarios, en los casos de insuficiencia andr\u00f3genica prepuberal. Se eliminan las manifestaciones carenciales postpuberales, aparecidos por p\u00e9rdida de la funci\u00f3n de las gl\u00e1ndulas sexuales.<br \/>\n&#8211; Esterilidad.<br \/>\nLa oligozoospermia, as\u00ed como una funci\u00f3n testicular insuficiente (aparato celular de Leydig), son causa frecuente de esterilidad. Androlic aumenta el n\u00famero de espermatozoides y mejora su calidad, elevando o normalizando asimismo la concentraci\u00f3n de fructosa en el eyaculado.<br \/>\nTodo ello contribuye a aumentar las probabilidades de que tenga lugar la fecundaci\u00f3n.<\/p>\n<p><strong>Dosificaci\u00f3n y Empleo:<\/strong><br \/>\nSalvo otra prescripci\u00f3n m\u00e9dica, en los casos de declinaci\u00f3n de la actividad f\u00edsica, trastornos card\u00edacos y circulatorios, as\u00ed como trastornos de la potencia, se recomienda el siguiente esquema de dosificaci\u00f3n:<br \/>\nIniciaci\u00f3n del tratamiento: 1 comprimido, 3 veces al d\u00eda.<br \/>\nContinuaci\u00f3n del tratamiento: 1 comprimido, 1-2 veces al d\u00eda.<br \/>\nSeg\u00fan el tipo y severidad de las molestias o trastornos, se recomienda efectuar tratamientos cortos, de 4 a 6 semanas de duraci\u00f3n, que pueden repetirse varias veces, o bien, tratamientos interrumpidos que pueden prolongarse durante algunos meses.<br \/>\nEn el hipogonadismo, debido a la insuficiencia de testosterona end\u00f3gena, es necesario el tratamiento prolongado. Para estimular la formaci\u00f3n de los caracteres sexuales secundarios, es preciso administrar 1-2 comprimidos de Androlic, 3 veces al d\u00eda, durante varias meses.<br \/>\nComo dosis de mantenimiento suelen ser suficientes 2-3 comprimidos al d\u00eda. En la oligozoospermia, el tratamiento con Androlic \u2013 2 a 3 comprimidos diarios- debe abarcar la duraci\u00f3n de un ciclo espermatog\u00e9nico completo, es decir, unos 90 d\u00edas. Los estados hipogonadotr\u00f3picos se tratar\u00e1n adicionalmente, en su comienzo, con una hormona gonadotropa que posea actividad FSH (p. ej. 2 x 2.000 U.I de gonadotropina s\u00e9rica por semana, hasta una dosis total de 12.000 U.I). A veces es conveniente repetir el tratamiento con Androlic despu\u00e9s de un descanso de varias semanas.<\/p>\n<p><strong>Contraindicaciones:<\/strong><br \/>\nCarcinoma de pr\u00f3stata. Historia o existencia de tumores hep\u00e1ticos, hipercalcemia.<\/p>\n<p><strong>Observaciones:<\/strong><br \/>\nLos andr\u00f3genos no son apropiados para incrementar el desarrollo muscular, ni la actividad f\u00edsica e personas sanas.<br \/>\nAndrolic solo debe emplearse en pacientes del sexo masculino.<br \/>\nAdem\u00e1s, debe realizarse como medida de precauci\u00f3n, regularmente, una exploraci\u00f3n de pr\u00f3stata.<\/p>\n<p><strong>Intoxicaci\u00f3n y Tratamiento:<\/strong><br \/>\nNo se ha descripto.<br \/>\nEn caso de sobredosis o ingesti\u00f3n accidental consultar al Centro de Emergencias M\u00e9dicas (Dr. Luis Mar\u00eda Arga\u00f1a, secci\u00f3n toxicolog\u00eda \u2013 Gral. Santos y Teodoro S. Mongel\u00f3s \u2013 Tel: 220 418).<\/p>\n<p><strong>Advertencia:<\/strong><br \/>\n\u201cEsta especialidad contiene lactosa. Se han descripto casos de intolerancia a este componente en ni\u00f1os y adolescentes. Aunque la cantidad presente en el preparado no es probablemente suficiente para desencadenar los s\u00edntomas de la intolerancia, en caso de que aparecieran diarreas debe consultar a su m\u00e9dico\u201d.<\/p>\n<p><strong>Presentaci\u00f3n:<\/strong><br \/>\nEnvases de 20 comprimidos de 25 mg. Cada uno.<\/p>\n<p>Mantener a una temperatura inferior a 25\u00b0 C en lugar seco y fuera del alcance de los ni\u00f1os.<\/p>\n<p><strong>Venta bajo receta<\/strong><br \/>\n<strong>Industria Paraguaya<\/strong><\/p>\n<\/div>\n<\/div>\n","protected":false},"excerpt":{"rendered":"<p>Androlic 25 mg. Comprimido V\u00eda Oral Para la androgenoterapia oral en el hombre F\u00f3rmula: Cada comprimido contiene: Mesterolona\u2026\u2026\u2026\u2026\u2026\u2026\u2026\u2026\u202625 mg. Excipientes\u2026\u2026\u2026\u2026\u2026\u2026\u2026\u2026\u2026\u2026c.s.<\/p>\n","protected":false},"featured_media":6065,"template":"","meta":[],"product_brand":[138],"product_cat":[147],"product_tag":[],"class_list":{"0":"post-5911","1":"product","2":"type-product","3":"status-publish","4":"has-post-thumbnail","6":"product_brand-landerlan","7":"product_cat-anabolizantes","9":"first","10":"instock","11":"shipping-taxable","12":"purchasable","13":"product-type-simple"},"_links":{"self":[{"href":"https:\/\/farmaciadosul.com\/pt-br\/wp-json\/wp\/v2\/product\/5911","targetHints":{"allow":["GET"]}}],"collection":[{"href":"https:\/\/farmaciadosul.com\/pt-br\/wp-json\/wp\/v2\/product"}],"about":[{"href":"https:\/\/farmaciadosul.com\/pt-br\/wp-json\/wp\/v2\/types\/product"}],"version-history":[{"count":2,"href":"https:\/\/farmaciadosul.com\/pt-br\/wp-json\/wp\/v2\/product\/5911\/revisions"}],"predecessor-version":[{"id":6067,"href":"https:\/\/farmaciadosul.com\/pt-br\/wp-json\/wp\/v2\/product\/5911\/revisions\/6067"}],"wp:featuredmedia":[{"embeddable":true,"href":"https:\/\/farmaciadosul.com\/pt-br\/wp-json\/wp\/v2\/media\/6065"}],"wp:attachment":[{"href":"https:\/\/farmaciadosul.com\/pt-br\/wp-json\/wp\/v2\/media?parent=5911"}],"wp:term":[{"taxonomy":"product_brand","embeddable":true,"href":"https:\/\/farmaciadosul.com\/pt-br\/wp-json\/wp\/v2\/product_brand?post=5911"},{"taxonomy":"product_cat","embeddable":true,"href":"https:\/\/farmaciadosul.com\/pt-br\/wp-json\/wp\/v2\/product_cat?post=5911"},{"taxonomy":"product_tag","embeddable":true,"href":"https:\/\/farmaciadosul.com\/pt-br\/wp-json\/wp\/v2\/product_tag?post=5911"}],"curies":[{"name":"wp","href":"https:\/\/api.w.org\/{rel}","templated":true}]}}