{"id":5914,"date":"2026-02-11T01:02:54","date_gmt":"2026-02-11T01:02:54","guid":{"rendered":"https:\/\/farmaciadosul.com\/?post_type=product&#038;p=5914"},"modified":"2026-05-02T15:30:19","modified_gmt":"2026-05-02T15:30:19","slug":"drostenolona-2","status":"publish","type":"product","link":"https:\/\/farmaciadosul.com\/pt-br\/produto\/drostenolona-2\/","title":{"rendered":"DROSTENOLONA"},"content":{"rendered":"<div class=\"prose prose-invert max-w-none prose-headings:text-white prose-a:text-[var(--color-landerlan-gold)] text-gray-300\">\n<p>Drostenoland contiene Drostanolona, tambi\u00e9n conocido como Masteron, un esteroide anab\u00f3lico especialmente valorado en fases de definici\u00f3n muscular por su capacidad para mantener masa magra sin retenci\u00f3n de l\u00edquidos.<\/p>\n<h3><strong>Caracter\u00edsticas Principales<\/strong><\/h3>\n<ul>\n<li>Ideal para definici\u00f3n muscular<\/li>\n<li>Sin retenci\u00f3n de l\u00edquidos<\/li>\n<li>Mantiene masa magra<\/li>\n<li>Efecto endurecedor<\/li>\n<\/ul>\n<h3><strong>Presentaci\u00f3n<\/strong><\/h3>\n<p>1 ampolla de 10mL (1000 mg totales)<\/p>\n<\/div>\n","protected":false},"excerpt":{"rendered":"<p>Drostenoland contiene Drostanolona, tambi\u00e9n conocido como Masteron, un esteroide anab\u00f3lico especialmente valorado en fases de definici\u00f3n muscular por su capacidad<\/p>\n","protected":false},"featured_media":6052,"template":"","meta":[],"product_brand":[138],"product_cat":[147],"product_tag":[],"class_list":{"0":"post-5914","1":"product","2":"type-product","3":"status-publish","4":"has-post-thumbnail","6":"product_brand-landerlan","7":"product_cat-anabolizantes","9":"first","10":"instock","11":"shipping-taxable","12":"purchasable","13":"product-type-simple"},"_links":{"self":[{"href":"https:\/\/farmaciadosul.com\/pt-br\/wp-json\/wp\/v2\/product\/5914","targetHints":{"allow":["GET"]}}],"collection":[{"href":"https:\/\/farmaciadosul.com\/pt-br\/wp-json\/wp\/v2\/product"}],"about":[{"href":"https:\/\/farmaciadosul.com\/pt-br\/wp-json\/wp\/v2\/types\/product"}],"version-history":[{"count":2,"href":"https:\/\/farmaciadosul.com\/pt-br\/wp-json\/wp\/v2\/product\/5914\/revisions"}],"predecessor-version":[{"id":6054,"href":"https:\/\/farmaciadosul.com\/pt-br\/wp-json\/wp\/v2\/product\/5914\/revisions\/6054"}],"wp:featuredmedia":[{"embeddable":true,"href":"https:\/\/farmaciadosul.com\/pt-br\/wp-json\/wp\/v2\/media\/6052"}],"wp:attachment":[{"href":"https:\/\/farmaciadosul.com\/pt-br\/wp-json\/wp\/v2\/media?parent=5914"}],"wp:term":[{"taxonomy":"product_brand","embeddable":true,"href":"https:\/\/farmaciadosul.com\/pt-br\/wp-json\/wp\/v2\/product_brand?post=5914"},{"taxonomy":"product_cat","embeddable":true,"href":"https:\/\/farmaciadosul.com\/pt-br\/wp-json\/wp\/v2\/product_cat?post=5914"},{"taxonomy":"product_tag","embeddable":true,"href":"https:\/\/farmaciadosul.com\/pt-br\/wp-json\/wp\/v2\/product_tag?post=5914"}],"curies":[{"name":"wp","href":"https:\/\/api.w.org\/{rel}","templated":true}]}}