{"id":5940,"date":"2026-02-11T21:30:13","date_gmt":"2026-02-11T21:30:13","guid":{"rendered":"https:\/\/farmaciadosul.com\/?post_type=product&#038;p=5940"},"modified":"2026-04-19T07:30:19","modified_gmt":"2026-04-19T07:30:19","slug":"oxandrolona","status":"publish","type":"product","link":"https:\/\/farmaciadosul.com\/pt-br\/produto\/oxandrolona\/","title":{"rendered":"OXANDROLONA"},"content":{"rendered":"<p>Hormonoterapia<\/p>\n<p>Comprimidos \u2013 V\u00eda Oral.<\/p>\n<p><strong>F\u00f3rmula:<\/strong><\/p>\n<p>Cada comprimido contiene:<\/p>\n<p>Oxandrolona\u2026\u2026\u2026\u2026\u2026\u2026\u2026.\u2026\u2026\u2026\u2026\u2026\u2026\u2026\u2026\u2026\u2026\u2026\u2026\u2026\u2026\u2026\u2026\u2026\u2026\u2026\u2026\u2026\u2026\u2026\u2026\u2026\u2026\u2026\u2026\u2026 5 mg.<\/p>\n<p>Excipientes\u2026\u2026\u2026\u2026\u2026\u2026\u2026\u2026\u2026\u2026\u2026\u2026\u2026\u2026\u2026\u2026\u2026\u2026\u2026\u2026\u2026\u2026\u2026\u2026\u2026\u2026\u2026\u2026\u2026\u2026\u2026\u2026\u2026\u2026\u2026\u2026\u2026 c.s.<\/p>\n<p>Cada comprimido contiene:<\/p>\n<p>&nbsp;<\/p>\n<p>Oxandrolona\u2026\u2026\u2026\u2026\u2026\u2026\u2026.\u2026\u2026\u2026\u2026\u2026\u2026\u2026\u2026\u2026\u2026\u2026\u2026\u2026\u2026\u2026\u2026\u2026\u2026\u2026\u2026\u2026\u2026\u2026\u2026\u2026\u2026\u2026\u2026\u2026 10 mg.<\/p>\n<p>&nbsp;<\/p>\n<p>Excipientes\u2026\u2026\u2026\u2026\u2026\u2026\u2026\u2026\u2026\u2026\u2026\u2026\u2026\u2026\u2026\u2026\u2026\u2026\u2026\u2026\u2026\u2026\u2026\u2026\u2026\u2026\u2026\u2026\u2026\u2026\u2026\u2026\u2026\u2026\u2026\u2026\u2026 c.s.<\/p>\n<p>&nbsp;<\/p>\n<p><strong>Indicaciones:<\/strong><\/p>\n<p>Se utiliza en el tratamiento de los procesos catab\u00f3licos o reductores de tejidos, la Oxandrolona est\u00e1 indicada en condiciones tales como infecciones cr\u00f3nicas, cirug\u00eda mayor, (miopat\u00edas inducidas por corticoides, \u00falceras dec\u00fabito, quemaduras), o traumas severos, en los cuales se requieren detener los efectos de los procesos catab\u00f3licos o la p\u00e9rdida de prote\u00ednas.<\/p>\n<p>Es importante recordar que este tipo de sustancias son coadyuvantes en estos casos y no reemplazan al tratamiento convencional de estos des\u00f3rdenes.<\/p>\n<p>Tambi\u00e9n, se utiliza en el tratamiento del S\u00edndrome de Turner, para tratar la baja estatura que se presenta en estos pacientes. Aunque todav\u00eda la terapia es controversial, reportes de experimentos recientes indican que la Oxandrolona puede ser efectiva como hormona de crecimiento y que puede incrementar la eficacia de la terapia hormonal de crecimiento.<\/p>\n<p><strong>Mecanismo de Acci\u00f3n:<\/strong><\/p>\n<p>Revierten los procesos catab\u00f3licos y el balance negativo del nitr\u00f3geno promoviendo la s\u00edntesis de prote\u00ednas y estimulando el apetito si simult\u00e1neamente hay una ingesta de calor\u00edas y prote\u00ednas.<\/p>\n<p>Se administra por v\u00eda oral, como la oxandrolona presenta una primera vida media de 0.55 hs y otra, de 9 horas. Se elimina por v\u00eda renal y en peque\u00f1as cantidades en heces.<\/p>\n<p><strong>Posolog\u00eda:<\/strong><\/p>\n<p>En adultos, 2 a 4 semanas de terapia son usualmente adecuadas.<\/p>\n<p>Las dosis en adultos y en adolescentes, 2.5 mg dos o cuatro veces al d\u00eda.<\/p>\n<p>Las dosis m\u00e1xima es de 20 mg por d\u00eda.<\/p>\n<p>La dosis en ni\u00f1os es de 0.25 mg por d\u00eda.<\/p>\n<p>En los casos de S\u00edndrome de Turner, la dosis es de 0.05 a 0.125 mg\/peso\/d\u00eda.<\/p>\n<p>Generalmente, el paciente debe empezar y mantener la dosis m\u00ednima efectiva para minimizar los efectos adversos.<\/p>\n<p><strong>Contraindicaciones:<\/strong><\/p>\n<p>Los esteroides anab\u00f3licos suelen utilizarse en el tratamiento de los s\u00edntomas asociados a la esteoporosis. Sin embargo, no se recomienda el uso prolongado debido a los cuestionables efectos de estos agentes pues no se justifica el riesgo a serios efectos adversos.<\/p>\n<p>No se recomienda el uso de los esteroides anab\u00f3licos en atletas.<\/p>\n<p><strong>Efectos Adversos:<\/strong><\/p>\n<p>En mujeres se ven virilismo, acn\u00e9, agrandamiento del cl\u00edtoris, ronquera, irregularidades menstruales, p\u00e9rdida de peso.<\/p>\n<p>En varones pre- p\u00faberes acn\u00e9, alargamiento del pene, incremento de la frecuencia de erecciones, crecimiento anormal del pelo.<\/p>\n<p>En varones post- p\u00faberes, irritabilidad de la vejiga (frecuente urgencia para orinar), dolor de pecho, agrandamiento de las mamas, frecuentes erecciones.<\/p>\n<p>Con menos frecuencia se ven anemias, deficiencia de hierro, p\u00e9rdida de apetito, edema, n\u00e1useas, v\u00f3mitos, hemorragias inusuales.<\/p>\n<p>Hipercalcemia (depresi\u00f3n, cansancio usual), raro oscurecimiento de la piel.<\/p>\n<p>En hombres muy adultos, se puede ver carcinoma prost\u00e1tico o hipertrofia prost\u00e1tica (dificultad o frecuencia para orinar).<\/p>\n<p>Raramente se observa necrosis hep\u00e1tica (heces negruzcas, dolores de cabeza, v\u00f3mitos de sangre, mal aliento), c\u00e1ncer hep\u00e1tico (dolor estomacal o abdominal, inexplicable p\u00e9rdida de peso), peliosis hep\u00e1tica (orina oscura, p\u00e9rdida de apetito, manchas rojas en la piel, boca, nariz, garganta, fiebre, n\u00e1useas, v\u00f3mitos).<\/p>\n<p><strong>Interacciones con Medicamentos:<\/strong><\/p>\n<p>El uso de esteroide anab\u00f3lico con adenocorticoides, glucocorticoides, medicamentos o alimentos que contienen sodio puede incrementar la posibilidad de edema.<\/p>\n<p>La Oxandrolona empleada junto con anticoagulantes, puede aumentar el efecto anticoagulante.<\/p>\n<p>Los esteroides anab\u00f3licos pueden disminuir la concentraci\u00f3n de glucosa, los pacientes diab\u00e9ticos deben ser monitoreados por posibles s\u00edntomas de hipoglicemia y debe ajustarse la dosis de los agentes hipoglucemiantes o insulina.<\/p>\n<p>El uso simult\u00e1neo de los esteroides anab\u00f3licos con medicamentos hepatot\u00f3xicos, pueden aumentar la hepatotoxicidad, pacientes con enfermedades hep\u00e1ticas deben ser monitoreados cuidadosamente.<\/p>\n<p><strong>Precauciones y Advertencias:<\/strong><\/p>\n<p>Para la Oxandrolona no se han realizado estudios de mutag\u00e9nesis in vitro ni en animales.<\/p>\n<p>Estudios en animales que han recibido 9 veces la dosis humana, han demostrado que la Oxandrolona puede causar embriotoxicidad, fetotoxicidad e infertilidad y un aumento de la masculinizaci\u00f3n, por lo que no se debe utilizar durante el embarazo.<\/p>\n<p>El empleo en ni\u00f1os y adolescentes debe hacerse con precauci\u00f3n debido al posible cierre prematuro de la ep\u00edfisis. La medicaci\u00f3n debe suspenderse si a las 6 meses no se obtienen resultados.<\/p>\n<p><strong>Sobredosis:<\/strong><\/p>\n<p>El tratamiento por sobredosis es sintom\u00e1tico y de soporte. En caso de sobredosis, se trata con emesis y\/o lavado g\u00e1strico. La funci\u00f3n hep\u00e1tica debe monitorearse, porque la hepatotoxicidad es un serio posible efecto adverso. Acudir al Centro de Emergencias M\u00e9dicas (Avda. Gral. Santos y Teodoro S. Mongel\u00f3s Tel: 220 418).<\/p>\n<p><strong>Presentaci\u00f3n:<\/strong><\/p>\n<p>OXANDROLAND 5 mg Caja conteniendo frasco x 100 comprimidos.<\/p>\n<p>OXANDROLAND 10 mg Caja conteniendo bl\u00edster x 50 comprimidos<\/p>\n<p>Mantener a una temperatura inferior a 25\u00b0C en un lugar seco y fuera del alcance de los ni\u00f1os.<\/p>\n<p>Venta bajo receta.<\/p>\n<p>Industria Paraguaya<\/p>\n","protected":false},"excerpt":{"rendered":"<p>Hormonoterapia Comprimidos \u2013 V\u00eda Oral. F\u00f3rmula: Cada comprimido contiene: Oxandrolona\u2026\u2026\u2026\u2026\u2026\u2026\u2026.\u2026\u2026\u2026\u2026\u2026\u2026\u2026\u2026\u2026\u2026\u2026\u2026\u2026\u2026\u2026\u2026\u2026\u2026\u2026\u2026\u2026\u2026\u2026\u2026\u2026\u2026\u2026\u2026\u2026 5 mg. Excipientes\u2026\u2026\u2026\u2026\u2026\u2026\u2026\u2026\u2026\u2026\u2026\u2026\u2026\u2026\u2026\u2026\u2026\u2026\u2026\u2026\u2026\u2026\u2026\u2026\u2026\u2026\u2026\u2026\u2026\u2026\u2026\u2026\u2026\u2026\u2026\u2026\u2026 c.s. Cada comprimido contiene: &nbsp; Oxandrolona\u2026\u2026\u2026\u2026\u2026\u2026\u2026.\u2026\u2026\u2026\u2026\u2026\u2026\u2026\u2026\u2026\u2026\u2026\u2026\u2026\u2026\u2026\u2026\u2026\u2026\u2026\u2026\u2026\u2026\u2026\u2026\u2026\u2026\u2026\u2026\u2026 10<\/p>\n","protected":false},"featured_media":5956,"template":"","meta":[],"product_brand":[138],"product_cat":[147],"product_tag":[],"class_list":{"0":"post-5940","1":"product","2":"type-product","3":"status-publish","4":"has-post-thumbnail","6":"product_brand-landerlan","7":"product_cat-anabolizantes","9":"first","10":"instock","11":"shipping-taxable","12":"purchasable","13":"product-type-simple"},"_links":{"self":[{"href":"https:\/\/farmaciadosul.com\/pt-br\/wp-json\/wp\/v2\/product\/5940","targetHints":{"allow":["GET"]}}],"collection":[{"href":"https:\/\/farmaciadosul.com\/pt-br\/wp-json\/wp\/v2\/product"}],"about":[{"href":"https:\/\/farmaciadosul.com\/pt-br\/wp-json\/wp\/v2\/types\/product"}],"version-history":[{"count":1,"href":"https:\/\/farmaciadosul.com\/pt-br\/wp-json\/wp\/v2\/product\/5940\/revisions"}],"predecessor-version":[{"id":5958,"href":"https:\/\/farmaciadosul.com\/pt-br\/wp-json\/wp\/v2\/product\/5940\/revisions\/5958"}],"wp:featuredmedia":[{"embeddable":true,"href":"https:\/\/farmaciadosul.com\/pt-br\/wp-json\/wp\/v2\/media\/5956"}],"wp:attachment":[{"href":"https:\/\/farmaciadosul.com\/pt-br\/wp-json\/wp\/v2\/media?parent=5940"}],"wp:term":[{"taxonomy":"product_brand","embeddable":true,"href":"https:\/\/farmaciadosul.com\/pt-br\/wp-json\/wp\/v2\/product_brand?post=5940"},{"taxonomy":"product_cat","embeddable":true,"href":"https:\/\/farmaciadosul.com\/pt-br\/wp-json\/wp\/v2\/product_cat?post=5940"},{"taxonomy":"product_tag","embeddable":true,"href":"https:\/\/farmaciadosul.com\/pt-br\/wp-json\/wp\/v2\/product_tag?post=5940"}],"curies":[{"name":"wp","href":"https:\/\/api.w.org\/{rel}","templated":true}]}}