{"id":5965,"date":"2026-02-13T12:30:09","date_gmt":"2026-02-13T12:30:09","guid":{"rendered":"https:\/\/farmaciadosul.com\/?post_type=product&#038;p=5965"},"modified":"2026-04-23T12:30:24","modified_gmt":"2026-04-23T12:30:24","slug":"milk-thistle","status":"publish","type":"product","link":"https:\/\/farmaciadosul.com\/pt-br\/produto\/milk-thistle\/","title":{"rendered":"MILK THISTLE"},"content":{"rendered":"<h4>Extracto de Semilla De Silybum Marianum (Cardo Mariano)<\/h4>\n<h4>\u00bfQu\u00e9 es?<br \/>\nMilk Thistle Extract (Silybum marianum) de Landerfit es utilizado tradicionalmente en trastornos digestivos, sensaci\u00f3n de plenitud, contribuyendo en la funci\u00f3n saludable del h\u00edgado debido a su capacidad para inhibir los radicales libres que se producen a partir del metabolismo de diversas sustancias.<\/h4>\n<ul>\n<li>\n<h4>Promueve la funci\u00f3n del h\u00edgado<\/h4>\n<\/li>\n<li>\n<h4>Soporte antioxidante<\/h4>\n<\/li>\n<\/ul>\n<h4><strong>Presentaci\u00f3n:<\/strong>\u00a0100 c\u00e1psulas.<\/h4>\n<h4><strong>Modo de uso:<\/strong>\u00a0Medicamento fitoter\u00e1pico, tomar una c\u00e1psula al d\u00eda, preferentemente con las comidas. Como recordatorio, consulte con su m\u00e9dico sobre los suplementos y medicamentos que consume.<\/h4>\n","protected":false},"excerpt":{"rendered":"<p>Extracto de Semilla De Silybum Marianum (Cardo Mariano) \u00bfQu\u00e9 es? Milk Thistle Extract (Silybum marianum) de Landerfit es utilizado tradicionalmente<\/p>\n","protected":false},"featured_media":5967,"template":"","meta":[],"product_brand":[138],"product_cat":[147],"product_tag":[],"class_list":{"0":"post-5965","1":"product","2":"type-product","3":"status-publish","4":"has-post-thumbnail","6":"product_brand-landerlan","7":"product_cat-anabolizantes","9":"first","10":"instock","11":"shipping-taxable","12":"purchasable","13":"product-type-simple"},"_links":{"self":[{"href":"https:\/\/farmaciadosul.com\/pt-br\/wp-json\/wp\/v2\/product\/5965","targetHints":{"allow":["GET"]}}],"collection":[{"href":"https:\/\/farmaciadosul.com\/pt-br\/wp-json\/wp\/v2\/product"}],"about":[{"href":"https:\/\/farmaciadosul.com\/pt-br\/wp-json\/wp\/v2\/types\/product"}],"version-history":[{"count":2,"href":"https:\/\/farmaciadosul.com\/pt-br\/wp-json\/wp\/v2\/product\/5965\/revisions"}],"predecessor-version":[{"id":5971,"href":"https:\/\/farmaciadosul.com\/pt-br\/wp-json\/wp\/v2\/product\/5965\/revisions\/5971"}],"wp:featuredmedia":[{"embeddable":true,"href":"https:\/\/farmaciadosul.com\/pt-br\/wp-json\/wp\/v2\/media\/5967"}],"wp:attachment":[{"href":"https:\/\/farmaciadosul.com\/pt-br\/wp-json\/wp\/v2\/media?parent=5965"}],"wp:term":[{"taxonomy":"product_brand","embeddable":true,"href":"https:\/\/farmaciadosul.com\/pt-br\/wp-json\/wp\/v2\/product_brand?post=5965"},{"taxonomy":"product_cat","embeddable":true,"href":"https:\/\/farmaciadosul.com\/pt-br\/wp-json\/wp\/v2\/product_cat?post=5965"},{"taxonomy":"product_tag","embeddable":true,"href":"https:\/\/farmaciadosul.com\/pt-br\/wp-json\/wp\/v2\/product_tag?post=5965"}],"curies":[{"name":"wp","href":"https:\/\/api.w.org\/{rel}","templated":true}]}}